{"id":100,"date":"2016-10-03T19:13:10","date_gmt":"2016-10-03T17:13:10","guid":{"rendered":"https:\/\/www.eurocorals.com\/de\/?page_id=100"},"modified":"2024-09-01T14:01:32","modified_gmt":"2024-09-01T12:01:32","slug":"eu-shipping","status":"publish","type":"page","link":"https:\/\/www.eurocorals.com\/de\/eu-shipping\/","title":{"rendered":"EU Shipping"},"content":{"rendered":"<div class=\"container section-title-container\" ><h3 class=\"section-title section-title-normal\"><b><\/b><span class=\"section-title-main\" >EU VERSANDINFORMATION<\/span><b><\/b><\/h3><\/div>\n<div class=\"row\"  id=\"row-1861012900\">\n\n\t<div id=\"col-1722257076\" class=\"col medium-12 small-12 large-7\"  >\n\t\t\t\t<div class=\"col-inner\"  >\n\t\t\t\n\t\t\t\n<p>Euro Corals erf\u00fcllt die h\u00f6chsten Standards im Verpacken mariner Tiere. Jede einzelne Koralle, Fische und Wirbellose Tiere werden vorsichtig mehrfach in Kunstofft\u00fcten verpackt. Hierbei wird genau die angemessene Menge an Wasser verwendet um sicherzustellen dass die Tiere w\u00e4hrend des Transports nirgendwo trockenliegen. Diejenigen Spezies, die aufgrund der Bruchgefahr besonderen Schutz ben\u00f6tigen, werden in einem Kunststoffbecher transportiert. Auch um auf dem Transportweg nicht unn\u00f6tig bewegt werden zu k\u00f6nnen. Im Anschluss erfolgt eine Versiegelung mit einem speziellen Aluminiumverschluss, welcher perfekt wasserdicht ist. In Folge werden die T\u00fcten in speziell isolierten Versandkisten verstaut um Sie vor Witterungs \u2013 und Temperatureinfl\u00fcssen zu sch\u00fctzen. Heat und Cold packs werden je nach Jahreszeit und Wettersituation sinnvoll ausgew\u00e4hlt um die Temperatur innerhalb der Kisten zu kontrollieren.<\/p>\n<p>Die Versandkisten werden in Wellpappenboxen gepackt und via UPS ISC Lebendtierexpress oder Go! Overnight versandt.<\/p>\n<p>Bei kalter Jahreszeit verwenden wir doppelte Isolation mit zus\u00e4tzlichen heatpacks um Ihre Tiere zu sch\u00fctzen. All unser Versandmaterial inklusive den heat \u2013 und coldpacks sind f\u00fcr Sie kostenlos.<\/p>\n<ul>\n<li>Alle Bestellungen werden via UPS ISC Lebendtier Express oder Go! Overnight versandt.<\/li>\n<li>Am Versandtag ihrer Bestellung erhalten sie eine Email mit einer Sendungsverfolgungsnummer, sodass Sie Vorkehrungen treffen k\u00f6nnen um Ihre Bestellung gegen Unterschrift entgegennehmen zu k\u00f6nnen.<\/li>\n<li>Es muss eine verantwortliche Person zur Empfangszeit zuhause sein um zu verhindern, dass die Tiere Regen oder extremen Temperaturen ausgesetzt sind.<\/li>\n<li>Wir halten auf Wunsch Ihre Bestellungen bis zu zwei Wochen nach Bestellung bei uns bereit.<\/li>\n<li>Die Sendung kann jederzeit for dem Versand noch ver\u00e4ndert werden.<\/li>\n<li>Samstagslieferung ist nur Deutschlandweit m\u00f6glich gegen eine zus\u00e4tzliche Geb\u00fchr von 39,90\u20ac.<\/li>\n<li>Verpackungsmaterial ist kostenlos, inclusive heat \u2013 und cold packs.<\/li>\n<\/ul>\n<p><em>Wichtig: Wenn Sie eine falsche Lieferadresse angeben, die zu einer Verz\u00f6gerung oder Nichtlieferung der Bestellung f\u00fchrt, erlischt die Garantie und der Kunde ist f\u00fcr alle Kosten und Sch\u00e4den verantwortlich. Um eine Lieferadresse zu \u00e4ndern oder zu korrigieren, benachrichtigen Sie uns bitte per E-Mail.<\/em><\/p>\n<p><strong>EU VERSANDKOSTENFREI<\/strong><strong><br \/><\/strong>Unser kostenloser Versand ist f\u00fcr Deutschland und der Rest der EU.\u00a0<\/p>\n<p><em>Gro\u00dfh\u00e4ndler haben keinen Anspruch auf kostenlosen Versand.<\/em><\/p>\n<p><strong>5 TAGE GARANTIE<\/strong><br \/>Ihre Tiere sind versichert! Falls wider Erwarten Ihre Koralle nicht f\u00fcr mindestens 5 Tage am Leben bleibt, erhalten Sie den entsprechenden Wert im Shop gutgeschrieben, oder erhalten einen Ersatz mit derselben Koralle. Der gesamte restliche Tierbestand (au\u00dfer Korallen) haben eine Lebendankunftgarantie. Lesen Sie hierzu mehr in\u00a0<a href=\"https:\/\/www.eurocorals.com\/de\/100-garantie\/\">\u201e5 Tage Garantie\u201c.<\/a><\/p>\n<p><em>Gro\u00dfh\u00e4ndler haben nur 24 Stunden Garantie.<\/em><\/p>\n<p><strong>EU VERSANDTAG<\/strong><br \/>Sie k\u00f6nnen einen Wunschlieferungstermin beim Auscheckprozess w\u00e4hlen. Wir werden unser Bestes versuchen diesen auch einzuhalten. Wir \u00fcberpr\u00fcfen immer die Wetterlage der Ankunftsstadt und der Zollstellen. In extrem kalter Witterungslage welche die Tiere gef\u00e4hrden k\u00f6nnten, versenden wir nicht und bitten Sie eine \u00c4nderung des Wunschlieferungstermins durchzuf\u00fchren.<\/p>\n<p>Samstagszustellungen sind nur innerhalb Deutschlands m\u00f6glich gegen eine zus\u00e4tzliche Geb\u00fchr von 39,90\u20ac.<\/p>\n\t\t<\/div>\n\t\t\t\t\t<\/div>\n\n\t\n\n\t<div id=\"col-2111824747\" class=\"col medium-12 small-12 large-5\"  >\n\t\t\t\t<div class=\"col-inner\"  >\n\t\t\t\n\t\t\t\n<h5 class=\"uppercase\">EU Versand Tabelle ISC UPS EXPRESS:<br \/><em>(aktualisiert am sep.01.2024)<\/em><\/h5>\n\t<div class=\"img has-hover x md-x lg-x y md-y lg-y\" id=\"image_1218242400\">\n\t\t\t\t\t\t\t\t<div class=\"img-inner box-shadow-3 dark\" >\n\t\t\t<img loading=\"lazy\" decoding=\"async\" width=\"1\" height=\"1\" src=\"https:\/\/www.eurocorals.com\/wp-content\/uploads\/2022\/06\/Shipping-Table-DE-25062022.svg\" class=\"attachment-large size-large\" alt=\"\" \/>\t\t\t\t\t\t\n\t\t\t\t\t<\/div>\n\t\t\t\t\t\t\t\t\n<style>\n#image_1218242400 {\n  width: 100%;\n}\n<\/style>\n\t<\/div>\n\t\n<h5 class=\"uppercase\">EU Liefertag:<\/h5>\n<p>Freitagsliefertage sind nur f\u00fcr Deutschland verf\u00fcgbar.<\/p>\n\t<div class=\"img has-hover x md-x lg-x y md-y lg-y\" id=\"image_857757354\">\n\t\t\t\t\t\t\t\t<div class=\"img-inner box-shadow-3 dark\" >\n\t\t\t<img loading=\"lazy\" decoding=\"async\" width=\"1\" height=\"1\" src=\"https:\/\/www.eurocorals.com\/wp-content\/uploads\/2017\/07\/Delivery-Days-DE.svg\" class=\"attachment-large size-large\" alt=\"\" \/>\t\t\t\t\t\t\n\t\t\t\t\t<\/div>\n\t\t\t\t\t\t\t\t\n<style>\n#image_857757354 {\n  width: 100%;\n}\n<\/style>\n\t<\/div>\n\t\n\t\t<\/div>\n\t\t\t\t\t<\/div>\n\n\t\n<\/div>\n","protected":false},"excerpt":{"rendered":"","protected":false},"author":1,"featured_media":0,"parent":0,"menu_order":0,"comment_status":"closed","ping_status":"closed","template":"","meta":{"footnotes":""},"class_list":["post-100","page","type-page","status-publish","hentry"],"_links":{"self":[{"href":"https:\/\/www.eurocorals.com\/de\/wp-json\/wp\/v2\/pages\/100","targetHints":{"allow":["GET"]}}],"collection":[{"href":"https:\/\/www.eurocorals.com\/de\/wp-json\/wp\/v2\/pages"}],"about":[{"href":"https:\/\/www.eurocorals.com\/de\/wp-json\/wp\/v2\/types\/page"}],"author":[{"embeddable":true,"href":"https:\/\/www.eurocorals.com\/de\/wp-json\/wp\/v2\/users\/1"}],"replies":[{"embeddable":true,"href":"https:\/\/www.eurocorals.com\/de\/wp-json\/wp\/v2\/comments?post=100"}],"version-history":[{"count":10,"href":"https:\/\/www.eurocorals.com\/de\/wp-json\/wp\/v2\/pages\/100\/revisions"}],"predecessor-version":[{"id":331609,"href":"https:\/\/www.eurocorals.com\/de\/wp-json\/wp\/v2\/pages\/100\/revisions\/331609"}],"wp:attachment":[{"href":"https:\/\/www.eurocorals.com\/de\/wp-json\/wp\/v2\/media?parent=100"}],"curies":[{"name":"wp","href":"https:\/\/api.w.org\/{rel}","templated":true}]}}