{"id":2109,"date":"2017-07-15T12:21:38","date_gmt":"2017-07-15T10:21:38","guid":{"rendered":"https:\/\/www.eurocorals.com\/?page_id=2109\/"},"modified":"2019-10-15T14:42:20","modified_gmt":"2019-10-15T12:42:20","slug":"buchen-sie-ihren-besuch","status":"publish","type":"page","link":"https:\/\/www.eurocorals.com\/de\/buchen-sie-ihren-besuch\/","title":{"rendered":"Buchen Sie Ihren Besuch"},"content":{"rendered":"<div class=\"container section-title-container\" ><h3 class=\"section-title section-title-normal\"><b><\/b><span class=\"section-title-main\" >Buchen Sie Ihren Besuch bei Euro corals<\/span><b><\/b><\/h3><\/div>\n<div class=\"row\"  id=\"row-97242037\">\n\n\t<div id=\"col-1260657061\" class=\"col small-12 large-12\"  >\n\t\t\t\t<div class=\"col-inner\"  >\n\t\t\t\n\t\t\t\n<p>Wenn Sie Euro Corals besuchen m\u00f6chten, sind Sie herzlich willkommen! Bitte schick uns dieses Formular um einen Termin zu vereinbaren und wir werden Sie erwarten. Sie k\u00f6nnen Korallen bestellen oder uns einfach nur besuchen. Alle Eink\u00e4ufe bei uns im Gesch\u00e4ft haben besondere Rabatte.<\/p>\n\t\t<\/div>\n\t\t\t\t\t<\/div>\n\n\t\n<\/div>\n<div class=\"row\"  id=\"row-2011536586\">\n\n\t<div id=\"col-11254028\" class=\"col medium-6 small-12 large-6\"  >\n\t\t\t\t<div class=\"col-inner\"  >\n\t\t\t\n\t\t\t\n<h5>\u00d6ffnungszeiten f\u00fcr Besucher<\/h5>\n<p><em>Nur mit Termin!<\/em><br \/> Montag \u2013 Donnerstag 14:00 bis 18:00 Uhr<br \/>Freitag 9:00 bis 18:Uhr\u00a0<br \/> Samstag 10:00 bis 16:00 Uhr<br \/> Sonntag 10:00 bis 14:00 Uhr<\/p>\n\n<div class=\"wpcf7 no-js\" id=\"wpcf7-f2113-o1\" lang=\"en-US\" dir=\"ltr\" data-wpcf7-id=\"2113\">\n<div class=\"screen-reader-response\"><p role=\"status\" aria-live=\"polite\" aria-atomic=\"true\"><\/p> <ul><\/ul><\/div>\n<form action=\"\/de\/wp-json\/wp\/v2\/pages\/2109#wpcf7-f2113-o1\" method=\"post\" class=\"wpcf7-form init\" aria-label=\"Contact form\" novalidate=\"novalidate\" data-status=\"init\">\n<div style=\"display: none;\">\n<input type=\"hidden\" name=\"_wpcf7\" value=\"2113\" \/>\n<input type=\"hidden\" name=\"_wpcf7_version\" value=\"6.0.6\" \/>\n<input type=\"hidden\" name=\"_wpcf7_locale\" value=\"en_US\" \/>\n<input type=\"hidden\" name=\"_wpcf7_unit_tag\" value=\"wpcf7-f2113-o1\" \/>\n<input type=\"hidden\" name=\"_wpcf7_container_post\" value=\"0\" \/>\n<input type=\"hidden\" name=\"_wpcf7_posted_data_hash\" value=\"\" \/>\n<\/div>\n<div class=\"form-flat\">\n\t<p><span class=\"wpcf7-form-control-wrap\" data-name=\"your-name\"><input size=\"40\" maxlength=\"400\" class=\"wpcf7-form-control wpcf7-text wpcf7-validates-as-required eccontactform\" aria-required=\"true\" aria-invalid=\"false\" placeholder=\"Ihr Name\" value=\"\" type=\"text\" name=\"your-name\" \/><\/span>\n\t<\/p>\n\t<p><span class=\"wpcf7-form-control-wrap\" data-name=\"your-email\"><input size=\"40\" maxlength=\"400\" class=\"wpcf7-form-control wpcf7-email wpcf7-validates-as-required wpcf7-text wpcf7-validates-as-email eccontactform\" aria-required=\"true\" aria-invalid=\"false\" placeholder=\"Ihre E-Mail-Adresse\" value=\"\" type=\"email\" name=\"your-email\" \/><\/span>\n\t<\/p>\n\t<p><span class=\"wpcf7-form-control-wrap\" data-name=\"tel-390\"><input size=\"40\" maxlength=\"400\" class=\"wpcf7-form-control wpcf7-tel wpcf7-validates-as-required wpcf7-text wpcf7-validates-as-tel eccontactform\" aria-required=\"true\" aria-invalid=\"false\" placeholder=\"Telefonnummer\" value=\"\" type=\"tel\" name=\"tel-390\" \/><\/span>\n\t<\/p>\n\t<p><span class=\"wpcf7-form-control-wrap\" data-name=\"textarea-571\"><textarea cols=\"40\" rows=\"10\" maxlength=\"2000\" class=\"wpcf7-form-control wpcf7-textarea wpcf7-validates-as-required eccontactform\" aria-required=\"true\" aria-invalid=\"false\" placeholder=\"Besuchsdatum und ungef\u00e4hre Uhrzeit\" name=\"textarea-571\"><\/textarea><\/span>\n\t<\/p>\n\t<p><input type=\"hidden\" name=\"_wpcf7_captcha_challenge_captcha-118\" value=\"3874999526\" \/><img loading=\"lazy\" decoding=\"async\" class=\"wpcf7-form-control wpcf7-captchac wpcf7-captcha-captcha-118\" width=\"84\" height=\"28\" alt=\"captcha\" src=\"https:\/\/www.eurocorals.com\/wp-content\/uploads\/wpcf7_captcha\/3874999526.png\" \/><br \/>\n<span class=\"wpcf7-form-control-wrap\" data-name=\"captcha-118\"><input size=\"4\" maxlength=\"4\" class=\"wpcf7-form-control wpcf7-captchar\" autocomplete=\"off\" aria-invalid=\"false\" value=\"\" type=\"text\" name=\"captcha-118\" \/><\/span>\n\t<\/p>\n\t<p><input class=\"wpcf7-form-control wpcf7-submit has-spinner button eccontactform\" type=\"submit\" value=\"Senden\" \/>\n\t<\/p>\n<\/div><input\n                    class=\"apbct_special_field apbct_email_id__wp_contact_form_7\"\n                    name=\"apbct__email_id__wp_contact_form_7\"\n                    aria-label=\"apbct__label_id__wp_contact_form_7\"\n                    type=\"text\" size=\"30\" maxlength=\"200\" autocomplete=\"off\"\n                    value=\"\"\n                \/><div class=\"wpcf7-response-output\" aria-hidden=\"true\"><\/div>\n<\/form>\n<\/div>\n\n\t\t<\/div>\n\t\t\t\t\t<\/div>\n\n\t\n\n\t<div id=\"col-244570104\" class=\"col medium-6 small-12 large-6\"  >\n\t\t\t\t<div class=\"col-inner\"  >\n\t\t\t\n\t\t\t\n\t<div class=\"img has-hover x md-x lg-x y md-y lg-y\" id=\"image_1482400250\">\n\t\t\t\t\t\t\t\t<div class=\"img-inner image-cover dark\" style=\"padding-top:74%;\">\n\t\t\t<img loading=\"lazy\" decoding=\"async\" width=\"1020\" height=\"1020\" src=\"https:\/\/www.eurocorals.com\/wp-content\/uploads\/2016\/10\/WWC-Blues-Clues-Acropora-1024x1024.jpg\" class=\"attachment-large size-large\" alt=\"\" srcset=\"https:\/\/www.eurocorals.com\/wp-content\/uploads\/2016\/10\/WWC-Blues-Clues-Acropora-1024x1024.jpg 1024w, https:\/\/www.eurocorals.com\/wp-content\/uploads\/2016\/10\/WWC-Blues-Clues-Acropora-247x247.jpg 247w, https:\/\/www.eurocorals.com\/wp-content\/uploads\/2016\/10\/WWC-Blues-Clues-Acropora-150x150.jpg 150w, https:\/\/www.eurocorals.com\/wp-content\/uploads\/2016\/10\/WWC-Blues-Clues-Acropora-310x310.jpg 310w, https:\/\/www.eurocorals.com\/wp-content\/uploads\/2016\/10\/WWC-Blues-Clues-Acropora-768x768.jpg 768w, https:\/\/www.eurocorals.com\/wp-content\/uploads\/2016\/10\/WWC-Blues-Clues-Acropora-510x510.jpg 510w, https:\/\/www.eurocorals.com\/wp-content\/uploads\/2016\/10\/WWC-Blues-Clues-Acropora-100x100.jpg 100w, https:\/\/www.eurocorals.com\/wp-content\/uploads\/2016\/10\/WWC-Blues-Clues-Acropora-576x576.jpg 576w, https:\/\/www.eurocorals.com\/wp-content\/uploads\/2016\/10\/WWC-Blues-Clues-Acropora.jpg 1080w, https:\/\/www.eurocorals.com\/wp-content\/uploads\/2016\/10\/WWC-Blues-Clues-Acropora-320x320.jpg 320w, https:\/\/www.eurocorals.com\/wp-content\/uploads\/2016\/10\/WWC-Blues-Clues-Acropora-720x720.jpg 720w, https:\/\/www.eurocorals.com\/wp-content\/uploads\/2016\/10\/WWC-Blues-Clues-Acropora-289x289.jpg 289w, https:\/\/www.eurocorals.com\/wp-content\/uploads\/2016\/10\/WWC-Blues-Clues-Acropora-300x300.jpg 300w\" sizes=\"auto, (max-width: 1020px) 100vw, 1020px\" \/>\t\t\t\t\t\t\n\t\t\t\t\t<\/div>\n\t\t\t\t\t\t\t\t\n<style>\n#image_1482400250 {\n  width: 100%;\n}\n<\/style>\n\t<\/div>\n\t\n\t\t<\/div>\n\t\t\t\t\t<\/div>\n\n\t\n<\/div>\n","protected":false},"excerpt":{"rendered":"","protected":false},"author":1,"featured_media":0,"parent":0,"menu_order":0,"comment_status":"closed","ping_status":"closed","template":"","meta":{"footnotes":""},"class_list":["post-2109","page","type-page","status-publish","hentry"],"_links":{"self":[{"href":"https:\/\/www.eurocorals.com\/de\/wp-json\/wp\/v2\/pages\/2109","targetHints":{"allow":["GET"]}}],"collection":[{"href":"https:\/\/www.eurocorals.com\/de\/wp-json\/wp\/v2\/pages"}],"about":[{"href":"https:\/\/www.eurocorals.com\/de\/wp-json\/wp\/v2\/types\/page"}],"author":[{"embeddable":true,"href":"https:\/\/www.eurocorals.com\/de\/wp-json\/wp\/v2\/users\/1"}],"replies":[{"embeddable":true,"href":"https:\/\/www.eurocorals.com\/de\/wp-json\/wp\/v2\/comments?post=2109"}],"version-history":[{"count":0,"href":"https:\/\/www.eurocorals.com\/de\/wp-json\/wp\/v2\/pages\/2109\/revisions"}],"wp:attachment":[{"href":"https:\/\/www.eurocorals.com\/de\/wp-json\/wp\/v2\/media?parent=2109"}],"curies":[{"name":"wp","href":"https:\/\/api.w.org\/{rel}","templated":true}]}}