{"id":3783,"date":"2017-11-18T14:48:41","date_gmt":"2017-11-18T13:48:41","guid":{"rendered":"https:\/\/www.eurocorals.com\/agb\/"},"modified":"2022-08-11T13:57:38","modified_gmt":"2022-08-11T11:57:38","slug":"agb","status":"publish","type":"page","link":"https:\/\/www.eurocorals.com\/de\/agb\/","title":{"rendered":"AGB"},"content":{"rendered":"<div class=\"container section-title-container\" ><h3 class=\"section-title section-title-normal\"><b><\/b><span class=\"section-title-main\" >AGB<\/span><b><\/b><\/h3><\/div>\n<div class=\"row\"  id=\"row-808154806\">\n\n\t<div id=\"col-1075628157\" class=\"col small-12 large-12\"  >\n\t\t\t\t<div class=\"col-inner\"  >\n\t\t\t\n\t\t\t\n<p><strong>Allgemeine Gesch\u00e4ftsbedingungen und Verbraucherinformationen<\/strong><\/p>\n<p>1 Grundlegende Bestimmungen<br \/>(1) Die nachstehenden Gesch\u00e4ftsbedingungen gelten f\u00fcr alle Vertr\u00e4ge zwischen Euro Corals, Passauer Stra\u00dfe 12, 84359 Simbach am Inn, DEUTSCHLAND \u2013 nachfolgend Anbieter genannt \u2013 und dem Kunden, welche \u00fcber die Internetseiten www.eurocorals.com des Anbieters geschlossen werden. Soweit nicht anders vereinbart, wird der Einbeziehung von eigenen Bedingungen des Kunden widersprochen.<\/p>\n<p>(2) Verbraucher im Sinne der nachstehenden Regelungen ist jede nat\u00fcrliche Person, die ein Rechtsgesch\u00e4ft zu einem Zwecke abschlie\u00dft, der weder ihrer gewerblichen noch selbst\u00e4ndigen beruflichen T\u00e4tigkeit zugerechnet werden kann. Unternehmer ist jede nat\u00fcrliche oder juristische Person oder eine rechtsf\u00e4hige Personengesellschaft, die bei Abschluss eines Rechtsgesch\u00e4fts in Aus\u00fcbung ihrer selbst\u00e4ndigen beruflichen oder gewerblichen T\u00e4tigkeit handelt.<\/p>\n<p>(3) Vertragssprache ist deutsch. Der vollst\u00e4ndige Vertragstext wird beim Anbieter nicht gespeichert. Vor Absenden der Bestellung \u00fcber das Online \u2013 Warenkorbsystem k\u00f6nnen die Vertragsdaten \u00fcber die Druckfunktion des Browsers ausgedruckt oder elektronisch gesichert werden. Nach Zugang der Bestellung beim Anbieter werden die Bestelldaten, die gesetzlich vorgeschriebenen Informationen bei Fernabsatzvertr\u00e4gen und die Allgemeinen Gesch\u00e4ftsbedingungen dem Kunden nochmals per Email \u00fcbersandt.<\/p>\n<p>Bei Angebotsanfragen, die z.B. telefonisch, per Email, per Fax, schriftlich oder \u00fcber ein auf der Internetpr\u00e4senz integriertes Anfrageformular an den Anbieter \u00fcbermittelt werden, erh\u00e4lt der Kunde alle Vertragsdaten im Rahmen eines verbindlichen Angebotes per Email \u00fcbersandt, welche der Kunde ausdrucken oder elektronisch sichern kann.<\/p>\n<p>2 Vertragsgegenstand<br \/>Gegenstand des Vertrages ist der Verkauf von Waren. Die Einzelheiten, insbesondere die wesentlichen Merkmale der Ware finden sich in der Artikelbeschreibung und den erg\u00e4nzenden Angaben auf der Internetseite des Anbieters.<\/p>\n<p>3 Zustandekommen des Vertrages<br \/>(1) Die Produktdarstellungen des Anbieters im Internet sind unverbindlich und kein verbindliches Angebot zum Abschluss eines Vertrages.<\/p>\n<p>(2) Der Kunde kann ein verbindliches Kaufangebot (Bestellung) \u00fcber das Online-Warenkorbsystem abgeben.<\/p>\n<p>Dabei werden die zum Kauf beabsichtigten Waren im \u201eWarenkorb\u201d abgelegt. \u00dcber die entsprechende Schaltfl\u00e4che in der Navigationsleiste kann der Kunde den \u201eWarenkorb\u201d aufrufen und dort jederzeit \u00c4nderungen vornehmen. Nach Aufrufen der Seite \u201eKasse\u201d und der Eingabe der pers\u00f6nlichen Daten sowie der Zahlungs- und Versandbedingungen werden abschlie\u00dfend nochmals alle Bestelldaten auf der Bestell\u00fcbersichtsseite angezeigt.<\/p>\n<p>Vor Absenden der Bestellung hat der Kunde die M\u00f6glichkeit, hier s\u00e4mtliche Angaben nochmals zu \u00fcberpr\u00fcfen, zu \u00e4ndern (auch \u00fcber die Funktion \u201ezur\u00fcck\u201d des Internetbrowsers) bzw. den Kauf abzubrechen.<\/p>\n<p>Mit dem Absenden der Bestellung \u00fcber die Schaltfl\u00e4che \u201ckaufen\u201dgibt der Kunde ein verbindliches Angebot beim Anbieter ab. Der Kunde erh\u00e4lt zun\u00e4chst eine automatische Email \u00fcber den Eingang seiner Bestellung, die noch nicht zum Vertragsschluss f\u00fchrt<\/p>\n<p>(3) Die Annahme des Angebots (und damit der Vertragsabschluss) erfolgt entweder durch Best\u00e4tigung in Textform (z.B. Email), in welcher dem Kunden die Bearbeitung der Bestellung oder Auslieferung der Ware best\u00e4tigt wird oder durch Zusendung der Ware. Sollte der Kunde binnen 5 Tagen keine Auftragsbest\u00e4tigung oder Mitteilung \u00fcber die Auslieferung bzw. keine Ware erhalten haben, ist er nicht mehr an seine Bestellung gebunden. Gegebenenfalls bereits erbrachte Leistungen werden in diesem Fall unverz\u00fcglich zur\u00fcckerstattet.<\/p>\n<p>(4) Anfragen des Kunden zum Kauf von Ware oder zur individuellen Angebotserstellung au\u00dferhalb des Online-Warenkorbsystems, die z.B. telefonisch, per Email, per Fax, schriftlich oder \u00fcber ein auf der Internetpr\u00e4senz integriertes Anfrageformular an den Anbieter \u00fcbermittelt werden, sind f\u00fcr den Kunden unverbindlich. Der Anbieter unterbreitet dem Kunden hierzu ein verbindliches Angebot in Textform (z.B. per Email), welches der Kunde innerhalb von 5 Tagen annehmen kann.<\/p>\n<p>(5) Die Abwicklung der Bestellung und \u00dcbermittlung aller im Zusammenhang mit dem Vertragsschluss erforderlichen Informationen erfolgt per Email zum Teil automatisiert. Der Kunde hat deshalb sicherzustellen, dass die von ihm beim Anbieter hinterlegte Emailadresse zutreffend ist, der Empfang der Emails technisch sichergestellt und insbesondere nicht durch SPAM-Filter verhindert wird.<\/p>\n<p>4 Preise, Versandkosten<br \/>(1) Die in den jeweiligen Angeboten angef\u00fchrten Preise sowie die Versandkosten stellen Endpreise dar. Sie beinhalten alle Preisbestandteile einschlie\u00dflich aller anfallenden Steuern.<\/p>\n<p>(2) Die anfallenden Versandkosten sind nicht im Kaufpreis enthalten. Sie sind \u00fcber die Seite \u201eZahlung und Versand\u201c aufrufbar, werden im Laufe des Bestellvorganges gesondert ausgewiesen und sind vom Kunden zus\u00e4tzlich zu tragen, soweit nicht die versandkostenfreie Lieferung zugesagt ist.<\/p>\n<p>(3) Der Kunde erh\u00e4lt eine Rechnung mit ausgewiesener Mehrwertsteuer.<\/p>\n<p>5 Zahlungs- und Versandbedingungen<br \/>(1) Die Bedingungen f\u00fcr Zahlung und Versand finden sich unter der gleichnamigen Schaltfl\u00e4che in der Navigation.<\/p>\n<p>(2) Soweit bei den einzelnen Zahlungsarten nicht anders angegeben, sind die Zahlungsanspr\u00fcche aus dem geschlossenen Vertrag sofort zur Zahlung f\u00e4llig.<\/p>\n<p>(3) Sollte ein vom Kunden bestelltes Produkt wider Erwarten trotz rechtzeitigem Abschluss eines ad\u00e4quaten Deckungsgesch\u00e4ftes aus einem vom Anbieter nicht zu vertretenden Gr\u00fcnden nicht verf\u00fcgbar sein, wird der Kunde unverz\u00fcglich \u00fcber die Nichtverf\u00fcgbarkeit informiert und im Falle des R\u00fccktritts etwa bereits geleistete Zahlungen unverz\u00fcglich erstattet.<\/p>\n<p>(4) F\u00fcr Verbraucher ist gesetzlich geregelt, dass die Gefahr des zuf\u00e4lligen Untergangs und der zuf\u00e4lligen Verschlechterung der verkauften Sache w\u00e4hrend der Versendung erst mit der \u00dcbergabe der Ware an den Kunden \u00fcbergeht, unabh\u00e4ngig davon, ob die Versendung versichert oder unversichert erfolgt.<\/p>\n<p>Ist der Kunde Unternehmer, erfolgt die Lieferung und Versendung auf seine Gefahr.<\/p>\n<p>(5) Wir \u00fcbernehmen eine Garantie auf lebende Ankunft. Transportsch\u00e4den m\u00fcssen unverz\u00fcglich nach Erhalt mit Fotos dokumentiert und bis sp\u00e4testens 24h Stunden nach Ankunft gemeldet werden. Jegliche Reklamationen toter Tiere nach Ablauf der 24h Stunden Frist sind ausgeschlossen.<\/p>\n<p>(6) Alle Auftr\u00e4ge k\u00f6nnen vor Versand innerhalb 1 Jahr storniert werden, jedoch fallen 20% Aufbewahrungsentsch\u00e4digung und Wiedereinlagerungsgeb\u00fchren pro Monat an. Dies gilt nur, wenn der Kunde oder K\u00e4ufer beschlie\u00dft, die Bestellung zu stornieren.<\/p>\n<p>6 R\u00fccksendekosten bei Aus\u00fcbung des Widerrufsrechtes<br \/>F\u00fcr den Fall der Aus\u00fcbung des f\u00fcr Verbraucher geltenden gesetzlichen Widerrufsrechtes bei Fernabsatzvertr\u00e4gen wird vereinbart, dass der Kunde die regelm\u00e4\u00dfigen Kosten der R\u00fccksendung zu tragen hat, wenn der Preis der zur\u00fcckzusendenden Sache einen Betrag von 40 Euro nicht \u00fcbersteigt oder wenn bei einem h\u00f6heren Preis der Sache der Kunde die Gegenleistung oder eine vertraglich vereinbarte Teilzahlung zum Zeitpunkt des Widerrufs noch nicht erbracht hat, es sei denn, dass die gelieferte Ware nicht der bestellten entspricht. In allen anderen F\u00e4llen tr\u00e4gt der Anbieter die Kosten der R\u00fccksendung.<\/p>\n<p>7 Zur\u00fcckbehaltungsrecht, Eigentumsvorbehalt<br \/>(1) Ein Zur\u00fcckbehaltungsrecht kann der Kunde nur aus\u00fcben, soweit es sich um Forderungen aus demselben Vertragsverh\u00e4ltnis handelt.<\/p>\n<p>(2) Die Ware bleibt bis zur vollst\u00e4ndigen Zahlung des Kaufpreises Eigentum des Anbieters.<\/p>\n<p>(3) Ist der Kunde Unternehmer, gilt erg\u00e4nzend folgendes:<\/p>\n<p>a) Der Anbieter beh\u00e4lt sich das Eigentum an der Ware bis zum vollst\u00e4ndigen Ausgleich aller Forderungen aus der laufenden Gesch\u00e4ftsbeziehung vor. Vor \u00dcbergang des Eigentums an der Vorbehaltsware ist eine Verpf\u00e4ndung oder Sicherheits\u00fcbereignung nicht zul\u00e4ssig.<br \/>b) Der Kunde kann die Ware im ordentlichen Gesch\u00e4ftsgang weiterverkaufen. F\u00fcr diesen Fall tritt er bereits jetzt alle Forderungen in H\u00f6he des Rechnungsbetrages, die ihm aus dem Weiterverkauf erwachsen, an den die Abtretung annehmenden Anbieter ab. Der Kunde ist weiter zur Einziehung der Forderung erm\u00e4chtigt. Soweit er seinen Zahlungsverpflichtungen nicht ordnungsgem\u00e4\u00df nachkommt, beh\u00e4lt sich der Anbieter allerdings vor, die Forderung selbst einzuziehen.<br \/>c) Bei Verbindung und Vermischung der Vorbehaltsware erwirbt der Anbieter Miteigentum an der neuen Sache im Verh\u00e4ltnis des Rechnungswertes der Vorbehaltsware zu den anderen verarbeiteten Gegenst\u00e4nden zum Zeitpunkt der Verarbeitung.<br \/>d) Der Anbieter verpflichtet sich, die ihm zustehenden Sicherheiten auf Verlangen des Kunden insoweit freizugeben, als der realisierbare Wert der Sicherheiten des Anbieters die zu sichernde Forderung um mehr als 10% \u00fcbersteigt. Die Auswahl der freizugebenden Sicherheiten obliegt dem Anbieter.<\/p>\n<p>(4) Alle Auftr\u00e4ge k\u00f6nnen vor Versand innerhalb 1 Jahr storniert werden, jedoch fallen 20% Aufbewahrungsentsch\u00e4digung und Wiedereinlagerungsgeb\u00fchren pro Monat an. Dies gilt nur, wenn der Kunde oder K\u00e4ufer beschlie\u00dft, die Bestellung zu stornieren.<\/p>\n<p>8 Gew\u00e4hrleistung<br \/>(1) Es gelten die gesetzlichen Vorschriften.<\/p>\n<p>(2) Als Verbraucher wird der Kunde gebeten, die Ware bei Lieferung umgehend auf Vollst\u00e4ndigkeit, offensichtliche M\u00e4ngel und Transportsch\u00e4den zu \u00fcberpr\u00fcfen und Beanstandungen dem Anbieter und dem Spediteur schnellstm\u00f6glich mitzuteilen. Kommt der Kunde dem nicht nach, hat dies keine Auswirkung auf die gesetzlichen Gew\u00e4hrleistungsanspr\u00fcche.<\/p>\n<p>(3) Soweit der Kunde Unternehmer ist, gilt abweichend von Abs.1:<\/p>\n<p>a) Als Beschaffenheit der Ware gelten nur die eigenen Angaben des Anbieters und die Produktbeschreibung des Herstellers als vereinbart, nicht jedoch sonstige Werbung, \u00f6ffentliche Anpreisungen und \u00c4u\u00dferungen des Herstellers.<br \/>b) Der Kunde ist verpflichtet, die Ware unverz\u00fcglich und mit der gebotenen Sorgfalt auf Qualit\u00e4ts- und Mengenabweichungen zu untersuchen und offensichtliche M\u00e4ngel binnen 7 Tagen ab Empfang der Ware dem Anbieter schriftlich anzuzeigen, zur Fristwahrung reicht die rechtzeitige Absendung. Dies gilt auch f\u00fcr sp\u00e4ter festgestellte verdeckte M\u00e4ngel ab Entdeckung. Bei Verletzung der Untersuchungs- und R\u00fcgepflicht ist die Geltendmachung der Gew\u00e4hrleistungsanspr\u00fcche ausgeschlossen.<br \/>c) Bei M\u00e4ngeln leistet der Anbieter nach seiner Wahl Gew\u00e4hr durch Nachbesserung oder Ersatzlieferung. Schl\u00e4gt die Mangelbeseitigung zweimal fehl, kann der Kunde nach seiner Wahl Minderung verlangen oder vom Vertrag zur\u00fccktreten. Im Falle der Nachbesserung muss der Anbieter nicht die erh\u00f6hten Kosten tragen, die durch die Verbringung der Ware an einen anderen Ort als den Erf\u00fcllungsort entstehen, sofern die Verbringung nicht dem bestimmungsgem\u00e4\u00dfen Gebrauch der Ware entspricht.<br \/>d) Die Gew\u00e4hrleistungsfrist betr\u00e4gt ein Jahr ab Ablieferung der Ware. Die verk\u00fcrzte Gew\u00e4hrleistungsfrist gilt nicht f\u00fcr dem Anbieter zurechenbare schuldhaft verursachte Sch\u00e4den aus der Verletzung des Lebens, des K\u00f6rpers oder der Gesundheit und grob fahrl\u00e4ssig oder vors\u00e4tzlich verursachte Sch\u00e4den bzw. Arglist des Anbieters, sowie bei R\u00fcckgriffsanspr\u00fcchen gem\u00e4\u00df \u00a7\u00a7 478, 479 BGB.<br \/>9 Haftung<br \/>(1) Der Anbieter haftet jeweils uneingeschr\u00e4nkt f\u00fcr Sch\u00e4den aus der Verletzung des Lebens, des K\u00f6rpers oder der Gesundheit, in allen F\u00e4llen des Vorsatzes und grober Fahrl\u00e4ssigkeit, bei arglistigem Verschweigen eines Mangels, bei \u00dcbernahme der Garantie f\u00fcr die Beschaffenheit des Kaufgegenstandes, bei Sch\u00e4den nach dem Produkthaftungsgesetz und in allen anderen gesetzlich geregelten F\u00e4llen.<\/p>\n<p>(2) Sofern wesentliche Vertragspflichten betroffen sind, ist die Haftung des Anbieters bei leichter<\/p>\n<p>Fahrl\u00e4ssigkeit auf den vertragstypischen, vorhersehbaren Schaden beschr\u00e4nkt. Wesentliche Vertragspflichten sind wesentliche Pflichten, die sich aus der Natur des Vertrages ergeben und deren Verletzung die Erreichung des Vertragszweckes gef\u00e4hrden w\u00fcrde sowie Pflichten, die der Vertrag dem Anbieter nach seinem Inhalt zur Erreichung des Vertragszwecks auferlegt, deren Erf\u00fcllung die ordnungsgem\u00e4\u00dfe Durchf\u00fchrung des Vertrags \u00fcberhaupt erst m\u00f6glich machen und auf deren Einhaltung der Kunde regelm\u00e4\u00dfig vertrauen darf.<\/p>\n<p>(3) Bei der Verletzung unwesentlicher Vertragspflichten ist die Haftung bei leicht fahrl\u00e4ssigen<\/p>\n<p>Pflichtverletzungen ausgeschlossen.<\/p>\n<p>(4) Die Datenkommunikation \u00fcber das Internet kann nach dem derzeitigen Stand der Technik nicht fehlerfrei und\/oder jederzeit verf\u00fcgbar gew\u00e4hrleistet werden. Der Anbieter haftet insoweit weder f\u00fcr die st\u00e4ndige noch ununterbrochene Verf\u00fcgbarkeit der Webseite und der dort angebotenen Dienstleistung.<\/p>\n<p>10 Rechtswahl, Erf\u00fcllungsort, Gerichtsstand<br \/>(1) Es gilt deutsches Recht. Bei Verbrauchern gilt diese Rechtswahl nur, soweit hierdurch der durch zwingende Bestimmungen des Rechts des Staates des gew\u00f6hnlichen Aufenthaltes des Verbrauchers gew\u00e4hrte Schutz nicht entzogen wird (G\u00fcnstigkeitsprinzip).<\/p>\n<p>(2) Erf\u00fcllungsort f\u00fcr alle Leistungen aus den mit dem Anbieter bestehenden Gesch\u00e4ftsbeziehungen sowie Gerichtsstandist Sitz des Anbieters, soweit der Kunde nicht Verbraucher, sondern Kaufmann, juristische Person des \u00f6ffentlichen Rechts oder \u00f6ffentlich-rechtliches Sonderverm\u00f6gen ist. Dasselbe gilt, wenn der Kunde keinen allgemeinen Gerichtsstand in Deutschland oder der EU hat oder der Wohnsitz oder gew\u00f6hnliche Aufenthalt im Zeitpunkt der Klageerhebung nicht bekannt ist. Die Befugnis, auch das Gericht an einem anderen gesetzlichen Gerichtsstand anzurufen, bleibt hiervon unber\u00fchrt.<\/p>\n<p>(3) Die Bestimmungen des UN-Kaufrechts finden ausdr\u00fccklich keine Anwendung.<\/p>\n<p>EN: IMPORTANT DISCLAIMER! Euro Corals and Modern Reed are not responsible for the bad or incorrect use of our products that may cause mortality, damage, or death of any animal or aquatic pet. The use of our products is entirely the responsibility of the user. If you do not agree, please do not place an order or use our products. Euro Corals farm use all products in this online shop on a daily basis without any negative effect. The health of the corals can be seen on the Euro Corals website at www.eurocorals.com.<\/p>\n<p>\u00a0<\/p>\n\t\t<\/div>\n\t\t\t\t\t<\/div>\n\n\t\n<\/div>\n","protected":false},"excerpt":{"rendered":"","protected":false},"author":1,"featured_media":0,"parent":0,"menu_order":0,"comment_status":"closed","ping_status":"closed","template":"","meta":{"footnotes":""},"class_list":["post-3783","page","type-page","status-publish","hentry"],"_links":{"self":[{"href":"https:\/\/www.eurocorals.com\/de\/wp-json\/wp\/v2\/pages\/3783","targetHints":{"allow":["GET"]}}],"collection":[{"href":"https:\/\/www.eurocorals.com\/de\/wp-json\/wp\/v2\/pages"}],"about":[{"href":"https:\/\/www.eurocorals.com\/de\/wp-json\/wp\/v2\/types\/page"}],"author":[{"embeddable":true,"href":"https:\/\/www.eurocorals.com\/de\/wp-json\/wp\/v2\/users\/1"}],"replies":[{"embeddable":true,"href":"https:\/\/www.eurocorals.com\/de\/wp-json\/wp\/v2\/comments?post=3783"}],"version-history":[{"count":0,"href":"https:\/\/www.eurocorals.com\/de\/wp-json\/wp\/v2\/pages\/3783\/revisions"}],"wp:attachment":[{"href":"https:\/\/www.eurocorals.com\/de\/wp-json\/wp\/v2\/media?parent=3783"}],"curies":[{"name":"wp","href":"https:\/\/api.w.org\/{rel}","templated":true}]}}