{"id":311696,"date":"2023-10-08T16:00:37","date_gmt":"2023-10-08T14:00:37","guid":{"rendered":"https:\/\/www.eurocorals.com\/shop\/unkategorisiert\/ec-akils-super-orange-tangerine-dream-acro\/"},"modified":"2024-01-15T12:41:13","modified_gmt":"2024-01-15T11:41:13","slug":"ec-akils-super-orange-tangerine-dream-acro","status":"publish","type":"product","link":"https:\/\/www.eurocorals.com\/de\/shop\/cut-to-order-signature-korallen\/sps-steinkorallen-2\/acropora-2-de\/ec-akils-super-orange-tangerine-dream-acro\/","title":{"rendered":"EC Akil&#8217;s Super Orange Tangerine Dream Acro"},"content":{"rendered":"<div class=\"row\"  id=\"row-545453790\">\r\n\r\n\n\t<div id=\"col-219504125\" class=\"col small-12 large-12\"  >\n\t\t\t\t<div class=\"col-inner\"  >\n\t\t\t\n\t\t\t\r\n<div>\r\n\r\n\"Cut To Order\" -Service von Euro Corals! Mit diesem Service k\u00f6nnt Ihr sehen, wie eure Premium-Korallen Ableger aussehen werden. Was Ihr seht, ist eine zu 100% kultivierte Mutterkolonie, die wir fragmentieren werden. Unsere Bilder werden von \"full spectrum AB+\" aufgenommen, abh\u00e4ngig von den Korallen und den Systemen, in denen sie sich befinden.\r\n\r\nIn Bezug auf die Gr\u00f6\u00dfe werden wir versuchen, die Ableger auf 3-4 cm zu fragmentieren. Es h\u00e4ngt vom Wachstum und der Form der Mutterkolonie ab. Denkt daran, dass es beim Zuschnittservice nicht um die Gr\u00f6\u00dfe des Ablegers geht, sondern darum, die Art zu erwerben. WhatsApp beim Fragmentieren <em>(EC WhatsApp Nummer +49 175 962 7777).<\/em>\r\n\r\n<strong>Bitte lasst uns zwei Wochen f\u00fcr die Bestellung zeit, aufgrund der Abheilung der Ableger!<\/strong>\u00a0Wir bitten euch das beim Checkout-Prozess zu ber\u00fccksichtigen. Bei der Auswahl des Zustelldatums bitte darauf achten. Wenn Ihr euren neuen Ableger erhalten habt, wartet bitte einige Zeit ab, bis sich die Ableger an euer Aquarium gew\u00f6hnt haben. Ihre Aufgabe ist es, Ihre neuen Korallen wachsen zu lassen! Am Anfang sind die meisten neuen Ableger etwas blass, weil sie die Energie ben\u00f6tigen, um die Fu\u00dfscheibe aufzubauen. Die Koralle m\u00f6chte ihr volles Potenzial entfalten, sobald sie eine vollst\u00e4ndige Fu\u00dfscheibe aufgebaut hat. Um euch zu helfen, das Beste aus eurer Koralle herauszuholen, empfehlen wir Folgendes:\r\n<div><strong>Wasserwerte<\/strong><\/div>\r\n<\/div>\r\n<div><strong>Kal:<\/strong> 420-440 ppm<\/div>\r\n<div><strong>Mg:<\/strong> 1380-1400<\/div>\r\n<div><strong>KH:<\/strong> 7.2-8.5 dKH<\/div>\r\n<div><strong>NO3:<\/strong> 10-20 ppm<\/div>\r\n<div><strong>PO4:<\/strong> 0.02-0.06 ppm<\/div>\r\n<div><strong>PAR:<\/strong> 250-350<\/div>\r\n<div><\/div>\r\n<div>Die Stabilit\u00e4t eurer Wasserwerte und eine gute abwechslungsreiche Str\u00f6mung sollten euer erstes Anliegen sein. F\u00fcr bessere Ergebnisse verwenden Modern Reef Produkte: www.ModernReef.de\/shop\/<\/div>\r\nWir w\u00fcnschen euch viel Spa\u00df mit euren neuen Korallen und happy reefing vom Euro Corals Team!\r\n\r\n\t\t<\/div>\n\t\t\t\t\t<\/div>\n\n\t\r\n\r\n<\/div>\n","protected":false},"excerpt":{"rendered":"","protected":false},"featured_media":311621,"template":"","meta":[],"product_brand":[],"product_cat":[219],"product_tag":[],"class_list":{"0":"post-311696","1":"product","2":"type-product","3":"status-publish","4":"has-post-thumbnail","6":"product_cat-acropora-2-de","8":"first","9":"outofstock","10":"taxable","11":"shipping-taxable","12":"purchasable","13":"product-type-simple"},"_links":{"self":[{"href":"https:\/\/www.eurocorals.com\/de\/wp-json\/wp\/v2\/product\/311696","targetHints":{"allow":["GET"]}}],"collection":[{"href":"https:\/\/www.eurocorals.com\/de\/wp-json\/wp\/v2\/product"}],"about":[{"href":"https:\/\/www.eurocorals.com\/de\/wp-json\/wp\/v2\/types\/product"}],"wp:featuredmedia":[{"embeddable":true,"href":"https:\/\/www.eurocorals.com\/de\/wp-json\/wp\/v2\/media\/311621"}],"wp:attachment":[{"href":"https:\/\/www.eurocorals.com\/de\/wp-json\/wp\/v2\/media?parent=311696"}],"wp:term":[{"taxonomy":"product_brand","embeddable":true,"href":"https:\/\/www.eurocorals.com\/de\/wp-json\/wp\/v2\/product_brand?post=311696"},{"taxonomy":"product_cat","embeddable":true,"href":"https:\/\/www.eurocorals.com\/de\/wp-json\/wp\/v2\/product_cat?post=311696"},{"taxonomy":"product_tag","embeddable":true,"href":"https:\/\/www.eurocorals.com\/de\/wp-json\/wp\/v2\/product_tag?post=311696"}],"curies":[{"name":"wp","href":"https:\/\/api.w.org\/{rel}","templated":true}]}}