{"id":102,"date":"2016-10-03T19:13:10","date_gmt":"2016-10-03T17:13:10","guid":{"rendered":"https:\/\/www.eurocorals.com\/es\/?page_id=102"},"modified":"2024-09-01T14:11:00","modified_gmt":"2024-09-01T12:11:00","slug":"envios-ue","status":"publish","type":"page","link":"https:\/\/www.eurocorals.com\/es\/envios-ue\/","title":{"rendered":"EU Shipping"},"content":{"rendered":"<div class=\"container section-title-container\" ><h3 class=\"section-title section-title-normal\"><b><\/b><span class=\"section-title-main\" >Info Env\u00edos UE<\/span><b><\/b><\/h3><\/div>\n<div class=\"row\"  id=\"row-413451764\">\n\n\t<div id=\"col-113082486\" class=\"col medium-12 small-12 large-7\"  >\n\t\t\t\t<div class=\"col-inner\"  >\n\t\t\t\n\t\t\t\n<p>Euro Corals cumple con los altos est\u00e1ndares de embalaje de animales marinos. Todos y cada uno de los corales, peces e invertebrados son colocados de forma segura en bolsas de polietileno llenas con la cantidad adecuada de agua para asegurar que no se produzcan fugas durante el transporte. Las especies que necesitan protecci\u00f3n contra la rotura se insertan en una taza de souffl\u00e9 de pl\u00e1stico para evitar que se muevan durante el tr\u00e1nsito. A continuaci\u00f3n, los sellamos con un sujetador de aluminio especial para un sello herm\u00e9tico. A partir de ah\u00ed, las bolsas se colocan en contenedores de transporte aislados especiales para protegerlos de los elementos y mantener temperaturas constantes durante el tr\u00e1nsito. Los packetes de calor y fr\u00edo tambi\u00e9n son usados para controlar la temperatura en el contenedor en caso de que sea necesario.<\/p>\n<p>Los contenedores se colocan en cajas de cart\u00f3n ondulado y se env\u00edan a trav\u00e9s de UPS ISC Livestock Express o Go! Overnight. En tiempos fr\u00edo, usamos aislamiento doble con paquetes de calor extra para proteger sus animales. Todos nuestros materiales de embalaje son gratis, incluyendo los paquetes de calor y fr\u00edos.<\/p>\n<ul>\n<li>Todos los pedidos se env\u00edan a trav\u00e9s de UPS ISC Livestock Express o Go! Durante la noche.<\/li>\n<li>El d\u00eda que su pedido se env\u00ede, recibir\u00e1 un correo electr\u00f3nico con su n\u00famero de seguimiento para que pueda hacer los arreglos para firmar su pedido a su llegada.<\/li>\n<li>Alguien debe estar disponible en el momento de la entrega para evitar que los animales se expongan a la lluvia y a temperaturas extremas.<\/li>\n<li>Mantendremos pedidos por un m\u00e1ximo de 2 semanas bajo petici\u00f3n.<\/li>\n<li>El d\u00eda de entrega se puede cambiar en cualquier momento antes de que enviemos a petici\u00f3n.<\/li>\n<li>La entrega el s\u00e1bado s\u00f3lo es posible para Alemania con un cargo adicional de 39,90\u20ac.<\/li>\n<li>Los materiales de embalaje son libres,\u00a0incluyendo los paquetes de calor y fr\u00edos.<\/li>\n<\/ul>\n<p><em>Importante: Proporcionar una direcci\u00f3n de entrega incorrecta que ocasione que el pedido se demore o no se entregue anular\u00e1 la garant\u00eda y el cliente ser\u00e1 responsable de todos los costos y da\u00f1os. Para cambiar o corregir una direcci\u00f3n de entrega, notif\u00edquenos por correo electr\u00f3nico.<\/em><\/p>\n<p><strong>EU ENV\u00cdO GRATUITO<\/strong><strong><br \/>\n<\/strong>Nuestro env\u00edo gratuito est\u00e1 disponible para Alemania y el resto de la UE.<\/p>\n<p><em>Los mayoristas y las tiendas no califican para env\u00edo gratis.\u00a0<\/em><\/p>\n<p><strong>GARANT\u00cdA DE 5 D\u00cdAS<\/strong><br \/>\n\u00a1Sus corales estan cubierto! Si su nueva adici\u00f3n de coral no permanece viva durante 5 d\u00edas, le emitiremos un cr\u00e9dito en tienda o un reemplazo con el mismo coral. Lea m\u00e1s aqu\u00ed sobre la\u00a0<a href=\"https:\/\/www.eurocorals.com\/es\/garantia-100\/\">\u00abGARANT\u00cdA DE 5 D\u00cdAS\u00bb.<\/a><\/p>\n<p><em>Los mayoristas y tiendas tienen solo 24 horas de\u00a0garant\u00eda.\u00a0<\/em><\/p>\n<p><strong>D\u00cdA DE ENTREGA UE<\/strong><br \/>\nPuede elegir el d\u00eda de entrega deseado en el proceso de compra. Vamos a hacer todo lo posible para entregar su pedido en la fecha especificada. Siempre verificamos el clima de la ciudad a la que enviaremos y los puntos de tr\u00e1nsito. En un clima extremadamente fr\u00edo que pondr\u00e1 a los animales en riesgo, no enviaremos! Se le notificar\u00e1 para cambiar la fecha de entrega.<\/p>\n<p>Las entregas los s\u00e1bados son posibles s\u00f3lo para Alemania con un cargo adicional de 39,90\u20ac.<\/p>\n\t\t<\/div>\n\t\t\t\t\t<\/div>\n\n\t\n\n\t<div id=\"col-603040046\" class=\"col medium-12 small-12 large-5\"  >\n\t\t\t\t<div class=\"col-inner\"  >\n\t\t\t\n\t\t\t\n<h5 class=\"uppercase\">Tabla de env\u00edo UE ISC UPS EXPRESS:<br \/>\n<em>(Actualizado eN SEP.01.2024)<\/em><\/h5>\n\t<div class=\"img has-hover x md-x lg-x y md-y lg-y\" id=\"image_1130154489\">\n\t\t\t\t\t\t\t\t<div class=\"img-inner box-shadow-3 dark\" >\n\t\t\t<img loading=\"lazy\" decoding=\"async\" width=\"1\" height=\"1\" src=\"https:\/\/www.eurocorals.com\/wp-content\/uploads\/2022\/06\/Shipping-Table-ES-25062022.svg\" class=\"attachment-large size-large\" alt=\"\" \/>\t\t\t\t\t\t\n\t\t\t\t\t<\/div>\n\t\t\t\t\t\t\t\t\n<style>\n#image_1130154489 {\n  width: 100%;\n}\n<\/style>\n\t<\/div>\n\t\n<h5 class=\"uppercase\">D\u00cdA DE ENTREGA UE:<\/h5>\n<p>Los d\u00edas de entrega los viernes solo est\u00e1n disponibles para Alemania.<\/p>\n\t<div class=\"img has-hover x md-x lg-x y md-y lg-y\" id=\"image_1820087612\">\n\t\t\t\t\t\t\t\t<div class=\"img-inner box-shadow-3 dark\" >\n\t\t\t<img loading=\"lazy\" decoding=\"async\" width=\"1\" height=\"1\" src=\"https:\/\/www.eurocorals.com\/wp-content\/uploads\/2017\/07\/Delivery-Days-ES.svg\" class=\"attachment-large size-large\" alt=\"\" \/>\t\t\t\t\t\t\n\t\t\t\t\t<\/div>\n\t\t\t\t\t\t\t\t\n<style>\n#image_1820087612 {\n  width: 100%;\n}\n<\/style>\n\t<\/div>\n\t\n\t\t<\/div>\n\t\t\t\t\t<\/div>\n\n\t\n<\/div>\n","protected":false},"excerpt":{"rendered":"","protected":false},"author":1,"featured_media":0,"parent":0,"menu_order":0,"comment_status":"closed","ping_status":"closed","template":"","meta":{"footnotes":""},"class_list":["post-102","page","type-page","status-publish","hentry"],"_links":{"self":[{"href":"https:\/\/www.eurocorals.com\/es\/wp-json\/wp\/v2\/pages\/102","targetHints":{"allow":["GET"]}}],"collection":[{"href":"https:\/\/www.eurocorals.com\/es\/wp-json\/wp\/v2\/pages"}],"about":[{"href":"https:\/\/www.eurocorals.com\/es\/wp-json\/wp\/v2\/types\/page"}],"author":[{"embeddable":true,"href":"https:\/\/www.eurocorals.com\/es\/wp-json\/wp\/v2\/users\/1"}],"replies":[{"embeddable":true,"href":"https:\/\/www.eurocorals.com\/es\/wp-json\/wp\/v2\/comments?post=102"}],"version-history":[{"count":9,"href":"https:\/\/www.eurocorals.com\/es\/wp-json\/wp\/v2\/pages\/102\/revisions"}],"predecessor-version":[{"id":331619,"href":"https:\/\/www.eurocorals.com\/es\/wp-json\/wp\/v2\/pages\/102\/revisions\/331619"}],"wp:attachment":[{"href":"https:\/\/www.eurocorals.com\/es\/wp-json\/wp\/v2\/media?parent=102"}],"curies":[{"name":"wp","href":"https:\/\/api.w.org\/{rel}","templated":true}]}}