{"id":2141,"date":"2017-07-20T12:11:06","date_gmt":"2017-07-20T10:11:06","guid":{"rendered":"https:\/\/www.eurocorals.com\/?page_id=2141\/"},"modified":"2025-03-24T10:07:47","modified_gmt":"2025-03-24T09:07:47","slug":"garantia-100","status":"publish","type":"page","link":"https:\/\/www.eurocorals.com\/es\/garantia-100\/","title":{"rendered":"Garant\u00eda 100%"},"content":{"rendered":"<div class=\"container section-title-container\" ><h3 class=\"section-title section-title-normal\"><b><\/b><span class=\"section-title-main\" ><i class=\"icon-checkmark\" ><\/i>Garant\u00eda 100%<\/span><b><\/b><\/h3><\/div>\n<div class=\"row\"  id=\"row-109554226\">\n\n\t<div id=\"col-1028933929\" class=\"col small-12 large-12\"  >\n\t\t\t\t<div class=\"col-inner\"  >\n\t\t\t\n\t\t\t\n<p>Su satisfacci\u00f3n es nuestra prioridad, por lo tanto le ofrecemos nuestra \u00abGarant\u00eda de 5 d\u00edas\u00bb 100% libre de riesgos. Sin complicaciones, s\u00f3lo proporcionanos una foto del coral dentro de los 5 d\u00edas.<\/p>\n<p>Cuando haces una compra en Euro Corals, puedes comprar con el 100% de confianza. Nadie se preocupa m\u00e1s por la salud de tus nuevos habitantes que nosotros.<\/p>\n<h3>Le damos la siguiente Garant\u00eda al 100%:<\/h3>\n<p>Si su nueva adici\u00f3n de coral no permanece viva durante 5 d\u00edas, le emitiremos un cr\u00e9dito en tienda o un reemplazo con el mismo coral.<\/p>\n<h3>Condiciones para calificar para la garant\u00eda de 5 d\u00edas:<\/h3>\n<ul>\n<li>\u00a1Obviamente! Debe tener un acuario de arrecife listo para mantener corales con los par\u00e1metros adecuados.<\/li>\n<li>Alentamos firmemente a alguien a estar disponible en el momento de la entrega o se anular\u00e1 la garant\u00eda.<\/li>\n<li>La garant\u00eda de 5 d\u00edas comienza a partir de la fecha de entrega inicial.<\/li>\n<li>Proporcionar una direcci\u00f3n de entrega incorrecta que ocasione que el pedido se demore o no se entregue anular\u00e1 la garant\u00eda y el cliente ser\u00e1 responsable de todos los costos y da\u00f1os.<\/li>\n<li>Por favor, no deseche la muestra sin la autorizaci\u00f3n de EC; Al hacerlo se anular\u00e1 la garant\u00eda.<\/li>\n<li>Por favor, no env\u00ede el\/los coral\/corales de vuelta sin el consentimiento de la EC, ya que esto anular\u00e1 la garant\u00eda.<\/li>\n<li>La garant\u00eda de 5 d\u00edas solo se aplica a los corales (LPS, SPS y corales blandos). Otro animales vivos califican para nuestras garant\u00eda de llegada vivos de 24 horas .<\/li>\n<li>Intentaremos primero reemplazar con el mismo coral. Si el coral no est\u00e1 disponible, entonces emitiremos un cr\u00e9dito en tienda.<\/li>\n<li>Si UPS\/Go Express no realiza la entrega, asumimos toda la responsabilidad y se aplica la \u201cGarant\u00eda de 5 d\u00edas\u201d para los corales perdidos. Para los corales vivos, la garant\u00eda puede extenderse a 10 d\u00edas, siempre que el problema se informe dentro de los primeros 5 d\u00edas y sea confirmado por nosotros por correo electr\u00f3nico.<\/li>\n<li>Si pierde m\u00e1s del 50% de los corales durante el env\u00edo o dentro de la garant\u00eda de 5 d\u00edas, agregamos el costo de env\u00edo al cr\u00e9dito en tienda.<\/li>\n<li>No hay reembolsos\u00a0para corales, s\u00f3lo cr\u00e9dito en tienda.<\/li>\n<\/ul>\n<p><strong><em>*El cr\u00e9dito en tienda no se puede usar para tarifas de env\u00edo. No cubrimos los gastos de env\u00edo.<\/em><\/strong><br \/>\n<em>*Los corales con descuento obtienen, ya sea reemplazos o cr\u00e9dito por la cantidad pagada, no los art\u00edculos de precio original.<\/em><br \/>\n<em>*Los chargebacks o contracargos sin ponerse en contacto con nosotros a trav\u00e9s del correo electr\u00f3nico son ilegales.<br \/>\n*Los mayoristas y tiendas tienen solo 24 horas de <span style=\"font-size: 14.4px;\">garant\u00eda<\/span>.<\/em><\/p>\n\t\t<\/div>\n\t\t\t\t\t<\/div>\n\n\t\n<\/div>\n","protected":false},"excerpt":{"rendered":"","protected":false},"author":1,"featured_media":0,"parent":0,"menu_order":0,"comment_status":"closed","ping_status":"closed","template":"","meta":{"footnotes":""},"class_list":["post-2141","page","type-page","status-publish","hentry"],"_links":{"self":[{"href":"https:\/\/www.eurocorals.com\/es\/wp-json\/wp\/v2\/pages\/2141","targetHints":{"allow":["GET"]}}],"collection":[{"href":"https:\/\/www.eurocorals.com\/es\/wp-json\/wp\/v2\/pages"}],"about":[{"href":"https:\/\/www.eurocorals.com\/es\/wp-json\/wp\/v2\/types\/page"}],"author":[{"embeddable":true,"href":"https:\/\/www.eurocorals.com\/es\/wp-json\/wp\/v2\/users\/1"}],"replies":[{"embeddable":true,"href":"https:\/\/www.eurocorals.com\/es\/wp-json\/wp\/v2\/comments?post=2141"}],"version-history":[{"count":2,"href":"https:\/\/www.eurocorals.com\/es\/wp-json\/wp\/v2\/pages\/2141\/revisions"}],"predecessor-version":[{"id":340611,"href":"https:\/\/www.eurocorals.com\/es\/wp-json\/wp\/v2\/pages\/2141\/revisions\/340611"}],"wp:attachment":[{"href":"https:\/\/www.eurocorals.com\/es\/wp-json\/wp\/v2\/media?parent=2141"}],"curies":[{"name":"wp","href":"https:\/\/api.w.org\/{rel}","templated":true}]}}