{"id":58301,"date":"2018-06-15T19:36:59","date_gmt":"2018-06-15T17:36:59","guid":{"rendered":"https:\/\/www.eurocorals.com\/registration\/"},"modified":"2018-06-15T19:36:59","modified_gmt":"2018-06-15T17:36:59","slug":"registration","status":"publish","type":"page","link":"https:\/\/www.eurocorals.com\/es\/registration\/","title":{"rendered":"Registration"},"content":{"rendered":"<div class=\"container registre_container\">\n  <div class=\"col-md-4 offset-md-4\">\n<form class=\"form-horizontal\" name=\"registration_form\" id=\"registration_form\" action=\"\/es\/wp-json\/wp\/v2\/pages\/58301\" method=\"POST\">\n  <fieldset>\n    <div id=\"legend\">\n    \t<h3 class=\"section-title section-title-normal\">\n      <span class=\"section-title-main\">FORMULARIO DE REGISTRO DEL CLIENTE<\/span>\n      <\/h3>\n    <\/div>\n    <div calss=\"jumbotron text-center\">\u00a1Bienvenido a Euro Corals, hogar de corales Premium Signature! Para evitar reservas falsas, les pedimos a nuestros clientes que se registren. Por favor, compruebe despu\u00e9s de ordenar si recibe nuestros correos electr\u00f3nicos en la carpeta Spam. Si es as\u00ed, marque nuestros correos electr\u00f3nicos como \"No Spam\" para recibir actualizaciones de estado de pedidos y su n\u00famero de seguimiento de paquete directamente en su bandeja de entrada.<\/div>\n    <br>\n    <div class=\"control-group\">\n      <!-- Username -->\n      <label class=\"control-label\"  for=\"firstname \">Nombre<\/label>\n      <div class=\"controls\">\n        <input type=\"text\" id=\"first_name\" name=\"first_name\" placeholder=\"Nombre\" class=\"input-xlarge\">\n        <p class=\"notes first_name\"><\/p>\n      <\/div>\n    <\/div>\n    <div class=\"control-group\">\n      <!-- Username -->\n      <label class=\"control-label\"  for=\"lastname\">Apellido<\/label>\n      <div class=\"controls\">\n        <input type=\"text\" id=\"last_name\" name=\"last_name\" placeholder=\"Apellido\" class=\"input-xlarge\">\n        <p class=\"notes last_name\"><\/p>\n      <\/div>\n    <\/div>\n\n    <div class=\"control-group\">\n      <!-- companyname -->\n      <label class=\"control-label\"  for=\"companyname \">Nombre de la empresa<\/label>\n      <div class=\"controls\">\n        <input type=\"text\" id=\"company_name\" name=\"company_name\" placeholder=\"nombre de la empresa (Opcional)\" class=\"input-xlarge\">\n        <p class=\"notes company_name\"><\/p>\n      <\/div>\n    <\/div>\n\n    <div class=\"control-group\">\n      <!-- Username -->\n      <label class=\"control-label\"  for=\"username \">Nombre de Usuario<\/label>\n      <div class=\"controls\">\n        <input type=\"text\" id=\"user_name\" name=\"user_name\" placeholder=\"Nombre de Usuario\" class=\"input-xlarge\">\n        <p class=\"notes user_name\"><\/p>\n      <\/div>\n    <\/div>\n \n    <div class=\"control-group\">\n      <!-- E-mail -->\n      <label class=\"control-label\" for=\"email\">Email<\/label>\n      <div class=\"controls\">\n        <input type=\"email\" id=\"email\" name=\"email\" placeholder=\"Email\" class=\"input-xlarge\">\n        <p class=\"notes email\"><\/p>\n      <\/div>\n    <\/div>\n\n    <div class=\"control-group\">\n      <!-- E-mail -->\n      <label class=\"control-label\" for=\"email\">Confirmar Email<\/label>\n      <div class=\"controls\">\n        <input type=\"email\" id=\"c_email\" name=\"c_email\" placeholder=\"Confirmar Email\" class=\"input-xlarge\">\n        <p class=\"notes c_email\"><\/p>\n        <p class=\"notes\">Por favor, compruebe despu\u00e9s de ordenar si recibe nuestros correos electr\u00f3nicos en la carpeta Spam. Si es as\u00ed, marque nuestros correos electr\u00f3nicos como \"No Spam\" para recibir actualizaciones de estado de pedidos y su n\u00famero de seguimiento de paquete directamente en su bandeja de entrada.<\/p>\n      <\/div>\n    <\/div>\n \n    <div class=\"control-group\">\n      <!-- Password-->\n      <label class=\"control-label\" for=\"password\">Contrase\u00f1a<\/label>\n      <div class=\"controls\">\n        <input type=\"password\" id=\"password\" name=\"password\" placeholder=\"Contrase\u00f1a\" class=\"input-xlarge\">\n        <p class=\"notes password\"><\/p>\n      <\/div>\n    <\/div>\n \n    <div class=\"control-group\">\n      <!-- Password -->\n      <label class=\"control-label\"  for=\"password_confirm\">Confirma la contrase\u00f1a<\/label>\n      <div class=\"controls\">\n        <input type=\"password\" id=\"password_confirm\" name=\"password_confirm\" placeholder=\"Confirma la contrase\u00f1a\" class=\"input-xlarge\">\n        <p class=\"notes cpassword\"><\/p>\n      <\/div>\n    <\/div>    <div class=\"control-group\">\n      <div class=\"controls\">\n       <input type=\"checkbox\" name=\"conditions\" id=\"conditions\"> Acepto los<a href=\"https:\/\/www.eurocorals.com\/es\/datenschutzbelehrung\/\"> t\u00e9rminos y condiciones <\/a> , \n\t<a href=\"https:\/\/www.eurocorals.com\/es\/agb\/\">Aviso de privacidad y declaraci\u00f3n de protecci\u00f3n de datos <\/a> , \n       as\u00ed como tu<a href=\"https:\/\/www.eurocorals.com\/es\/garantia-100\/\"> Condiciones de garant\u00eda de 5 d\u00edas<\/a>\n        <p class=\"notes conditions\"><\/p>\n      <\/div>\n    <\/div>\n \n    <div class=\"control-group\">\n      <div class=\"controls\">\n        <input type=\"button\" id=\"register\" name=\"registersubmit\" value=\"Registrar\">\n      <\/div>\n    <\/div>\n     <div class=\"control-group\">\n     \tSi necesita ayuda, no dude en ponerse en contacto con nosotros\t\t     \t <a href=\"https:\/\/www.eurocorals.com\/es\/contacto\/\">Cont\u00e1ctenos<\/a>\n     <\/div>\n  <\/fieldset>\n<\/form>\n<\/div>\n<\/div>\n\n","protected":false},"excerpt":{"rendered":"","protected":false},"author":3,"featured_media":0,"parent":0,"menu_order":0,"comment_status":"closed","ping_status":"closed","template":"","meta":{"footnotes":""},"class_list":["post-58301","page","type-page","status-publish","hentry"],"_links":{"self":[{"href":"https:\/\/www.eurocorals.com\/es\/wp-json\/wp\/v2\/pages\/58301","targetHints":{"allow":["GET"]}}],"collection":[{"href":"https:\/\/www.eurocorals.com\/es\/wp-json\/wp\/v2\/pages"}],"about":[{"href":"https:\/\/www.eurocorals.com\/es\/wp-json\/wp\/v2\/types\/page"}],"author":[{"embeddable":true,"href":"https:\/\/www.eurocorals.com\/es\/wp-json\/wp\/v2\/users\/3"}],"replies":[{"embeddable":true,"href":"https:\/\/www.eurocorals.com\/es\/wp-json\/wp\/v2\/comments?post=58301"}],"version-history":[{"count":0,"href":"https:\/\/www.eurocorals.com\/es\/wp-json\/wp\/v2\/pages\/58301\/revisions"}],"wp:attachment":[{"href":"https:\/\/www.eurocorals.com\/es\/wp-json\/wp\/v2\/media?parent=58301"}],"curies":[{"name":"wp","href":"https:\/\/api.w.org\/{rel}","templated":true}]}}