{"id":81,"date":"2016-10-03T18:53:44","date_gmt":"2016-10-03T16:53:44","guid":{"rendered":"https:\/\/www.eurocorals.com\/es\/?page_id=81"},"modified":"2024-03-11T11:28:10","modified_gmt":"2024-03-11T10:28:10","slug":"contacto","status":"publish","type":"page","link":"https:\/\/www.eurocorals.com\/es\/contacto\/","title":{"rendered":"Contacto\/WhatsApp"},"content":{"rendered":"<div class=\"row\"  id=\"row-2136439257\">\n\n\n\t<div id=\"col-31651395\" class=\"col small-12 large-12\"  >\n\t\t\t\t<div class=\"col-inner\"  >\n\t\t\t\n\t\t\t\n\n\n\t<script type=\"text\/javascript\">\n  jQuery( document ).ready(function() {\n    function initialize() {\n        var styles = {\n            'flatsome':  [{\n            \"featureType\": \"administrative\",\n            \"stylers\": [\n              { \"visibility\": \"on\" }\n            ]\n          },\n          {\n            \"featureType\": \"road\",\n            \"stylers\": [\n              { \"visibility\": \"on\" },\n              { \"hue\": \"\" }\n            ]\n          },\n          {\n            \"stylers\": [\n\t\t\t  { \"visibility\": \"on\" },\n\t\t\t  { \"hue\": \"\" },\n\t\t\t  { \"saturation\": -30 }\n            ]\n          }\n        ]};\n\n        var myLatlng = new google.maps.LatLng(48.268191, 13.029218);\n        var myOptions = {\n            zoom: 17,\n            center: myLatlng,\n            mapTypeId: google.maps.MapTypeId.ROADMAP,\n            disableDefaultUI: true,\n            mapTypeId: 'flatsome',\n            draggable: true,\n            zoomControl: false,\n            zoomControlOptions: {\n              position: google.maps.ControlPosition.TOP_LEFT\n            },\n      \t\t\tmapTypeControl: false,\n            mapTypeControlOptions: {\n              position: google.maps.ControlPosition.TOP_LEFT\n            },\n      \t\t\tstreetViewControl: false,\n            streetViewControlOptions: {\n              position: google.maps.ControlPosition.TOP_LEFT\n            },\n            scrollwheel: false,\n            disableDoubleClickZoom: true\n        }\n        var map = new google.maps.Map(document.getElementById(\"map-960915012-inner\"), myOptions);\n        var styledMapType = new google.maps.StyledMapType(styles['flatsome'], {name: 'flatsome'});\n        map.mapTypes.set('flatsome', styledMapType);\n\n        var marker = new google.maps.Marker({\n            position: myLatlng,\n            map: map,\n            title:\"\"\n        });\n    }\n\n    \/\/ Required to proceed\n    if (!(typeof google === 'object' && typeof google.maps === 'object')) {\n      return\n    }\n\n    initialize()\n    google.maps.event.addDomListener(window, 'resize', initialize);\n    });\n    <\/script>\n\n    <div class=\"google-map relative mb\" id=\"map-960915012\">\n        <div class=\"map-height\" id=\"map-960915012-inner\"><\/div>\n        <div id=\"map_overlay_top\"><\/div>\n        <div id=\"map_overlay_bottom\"><\/div>\n                  <div class=\"map_inner map-inner last-reset absolute x100 md-x95 lg-x95 y100 md-y95 lg-y95\">\n              \n\n<p>Passauer str. 12<br>\n84359 Simbach am Inn<br>\nAlemania<\/p>\n\n         <\/div>\n       \n       \n<style>\n#map-960915012 .map-inner {\n  background-color: #fff;\n  max-width: 100%;\n}\n#map-960915012 .map-height {\n  height: 400px;\n}\n@media (min-width:550px) {\n  #map-960915012 .map-inner {\n    max-width: 40%;\n  }\n}\n@media (min-width:850px) {\n  #map-960915012 .map-inner {\n    max-width: 30%;\n  }\n}\n<\/style>\n    <\/div>\n\n\t\n\n\t\t<\/div>\n\t\t\t\t\t<\/div>\n\n\t\n\n<\/div>\n<div class=\"row\"  id=\"row-1121766688\">\n\n\n\t<div id=\"col-93413234\" class=\"col medium-6 small-12 large-6\"  >\n\t\t\t\t<div class=\"col-inner\"  >\n\t\t\t\n\t\t\t\n\n<div class=\"container section-title-container\" ><h3 class=\"section-title section-title-normal\"><b><\/b><span class=\"section-title-main\" >Estamos justo aqu\u00ed...<\/span><b><\/b><\/h3><\/div>\n\n<p>Por favor no dude en contactarnos en cualquier momento. Estamos siempre disponibles para usted!<\/p>\n\n\t\t<div class=\"icon-box featured-box icon-box-left text-left\"  >\n\t\t\t\t\t<div class=\"icon-box-img\" style=\"width: 40px\">\n\t\t\t\t<div class=\"icon\">\n\t\t\t\t\t<div class=\"icon-inner\" style=\"color:rgb(85, 85, 85);\">\n\t\t\t\t\t\t<?xml version=\"1.0\" encoding=\"iso-8859-1\"?>\n<!-- Generator: Adobe Illustrator 16.0.0, SVG Export Plug-In . SVG Version: 6.00 Build 0)  -->\n<!DOCTYPE svg PUBLIC \"-\/\/W3C\/\/DTD SVG 1.1\/\/EN\" \"http:\/\/www.w3.org\/Graphics\/SVG\/1.1\/DTD\/svg11.dtd\">\n<svg xmlns=\"http:\/\/www.w3.org\/2000\/svg\" xmlns:xlink=\"http:\/\/www.w3.org\/1999\/xlink\" version=\"1.1\" id=\"Capa_1\" x=\"0px\" y=\"0px\" width=\"512px\" height=\"512px\" viewBox=\"0 0 485.211 485.211\" style=\"enable-background:new 0 0 485.211 485.211;\" xml:space=\"preserve\">\n<g>\n\t<path d=\"M485.211,363.906c0,10.637-2.992,20.498-7.785,29.174L324.225,221.67l151.54-132.584   c5.895,9.355,9.446,20.344,9.446,32.219V363.906z M242.606,252.793l210.863-184.5c-8.653-4.737-18.397-7.642-28.908-7.642H60.651   c-10.524,0-20.271,2.905-28.889,7.642L242.606,252.793z M301.393,241.631l-48.809,42.734c-2.855,2.487-6.41,3.729-9.978,3.729   c-3.57,0-7.125-1.242-9.98-3.729l-48.82-42.736L28.667,415.23c9.299,5.834,20.197,9.329,31.983,9.329h363.911   c11.784,0,22.687-3.495,31.983-9.329L301.393,241.631z M9.448,89.085C3.554,98.44,0,109.429,0,121.305v242.602   c0,10.637,2.978,20.498,7.789,29.174l153.183-171.44L9.448,89.085z\" fill=\"#b6b6b6\"\/>\n<\/g>\n<g>\n<\/g>\n<g>\n<\/g>\n<g>\n<\/g>\n<g>\n<\/g>\n<g>\n<\/g>\n<g>\n<\/g>\n<g>\n<\/g>\n<g>\n<\/g>\n<g>\n<\/g>\n<g>\n<\/g>\n<g>\n<\/g>\n<g>\n<\/g>\n<g>\n<\/g>\n<g>\n<\/g>\n<g>\n<\/g>\n<\/svg>\n\t\t\t\t\t<\/div>\n\t\t\t\t<\/div>\n\t\t\t<\/div>\n\t\t\t\t<div class=\"icon-box-text last-reset\">\n\t\t\t\t\t\t\t\t\t\n\n<p><img loading=\"lazy\" decoding=\"async\" class=\"alignnone  wp-image-163953\" src=\"https:\/\/www.eurocorals.com\/wp-content\/uploads\/2024\/03\/info@eurocorals.com_.png\" alt=\"\" width=\"196\" height=\"17\"><\/p>\n<p>La mejor manera de contactarnos! Le contestaremos lo antes posible..<\/p>\n\n\n\t\t<\/div>\n\t<\/div>\n\t\n\t\n<div class=\"text-center\"><div class=\"is-divider divider clearfix\" ><\/div><\/div>\n\n\n\t\t<div class=\"icon-box featured-box icon-box-left text-left\"  >\n\t\t\t\t\t<div class=\"icon-box-img\" style=\"width: 40px\">\n\t\t\t\t<div class=\"icon\">\n\t\t\t\t\t<div class=\"icon-inner\" style=\"color:rgb(85, 85, 85);\">\n\t\t\t\t\t\t<?xml version=\"1.0\" encoding=\"iso-8859-1\"?>\n<!-- Generator: Adobe Illustrator 18.1.1, SVG Export Plug-In . SVG Version: 6.00 Build 0)  -->\n<svg xmlns=\"http:\/\/www.w3.org\/2000\/svg\" xmlns:xlink=\"http:\/\/www.w3.org\/1999\/xlink\" version=\"1.1\" id=\"Capa_1\" x=\"0px\" y=\"0px\" viewBox=\"0 0 578.106 578.106\" style=\"enable-background:new 0 0 578.106 578.106;\" xml:space=\"preserve\" width=\"512px\" height=\"512px\">\n<g>\n\t<g>\n\t\t<path d=\"M577.83,456.128c1.225,9.385-1.635,17.545-8.568,24.48l-81.396,80.781    c-3.672,4.08-8.465,7.551-14.381,10.404c-5.916,2.857-11.729,4.693-17.439,5.508c-0.408,0-1.635,0.105-3.676,0.309    c-2.037,0.203-4.689,0.307-7.953,0.307c-7.754,0-20.301-1.326-37.641-3.979s-38.555-9.182-63.645-19.584    c-25.096-10.404-53.553-26.012-85.376-46.818c-31.823-20.805-65.688-49.367-101.592-85.68    c-28.56-28.152-52.224-55.08-70.992-80.783c-18.768-25.705-33.864-49.471-45.288-71.299    c-11.425-21.828-19.993-41.616-25.705-59.364S4.59,177.362,2.55,164.51s-2.856-22.95-2.448-30.294    c0.408-7.344,0.612-11.424,0.612-12.24c0.816-5.712,2.652-11.526,5.508-17.442s6.324-10.71,10.404-14.382L98.022,8.756    c5.712-5.712,12.24-8.568,19.584-8.568c5.304,0,9.996,1.53,14.076,4.59s7.548,6.834,10.404,11.322l65.484,124.236    c3.672,6.528,4.692,13.668,3.06,21.42c-1.632,7.752-5.1,14.28-10.404,19.584l-29.988,29.988c-0.816,0.816-1.53,2.142-2.142,3.978    s-0.918,3.366-0.918,4.59c1.632,8.568,5.304,18.36,11.016,29.376c4.896,9.792,12.444,21.726,22.644,35.802    s24.684,30.293,43.452,48.653c18.36,18.77,34.68,33.354,48.96,43.76c14.277,10.4,26.215,18.053,35.803,22.949    c9.588,4.896,16.932,7.854,22.031,8.871l7.648,1.531c0.816,0,2.145-0.307,3.979-0.918c1.836-0.613,3.162-1.326,3.979-2.143    l34.883-35.496c7.348-6.527,15.912-9.791,25.705-9.791c6.938,0,12.443,1.223,16.523,3.672h0.611l118.115,69.768    C571.098,441.238,576.197,447.968,577.83,456.128z\" fill=\"#b6b6b6\"\/>\n\t<\/g>\n<\/g>\n<g>\n<\/g>\n<g>\n<\/g>\n<g>\n<\/g>\n<g>\n<\/g>\n<g>\n<\/g>\n<g>\n<\/g>\n<g>\n<\/g>\n<g>\n<\/g>\n<g>\n<\/g>\n<g>\n<\/g>\n<g>\n<\/g>\n<g>\n<\/g>\n<g>\n<\/g>\n<g>\n<\/g>\n<g>\n<\/g>\n<\/svg>\n\t\t\t\t\t<\/div>\n\t\t\t\t<\/div>\n\t\t\t<\/div>\n\t\t\t\t<div class=\"icon-box-text last-reset\">\n\t\t\t\t\t\t\t\t\t\n\n<h4>+49 (0) 8571 983 4686<br>+49 (0) 175 962 7777<\/h4>\n<p>Lunes &#8211; Viernes de 9 AM &#8211; 6 PM <em>(CET)<br><\/em>S\u00e1bado de 10 AM &#8211; 4&nbsp;PM<em> (CET)<\/em><br>Si no respondemos en el momento, le devolveremos la llamada.<\/p>\n\n\t\t<\/div>\n\t<\/div>\n\t\n\t\n<div class=\"text-center\"><div class=\"is-divider divider clearfix\" ><\/div><\/div>\n\n\n\t\t<div class=\"icon-box featured-box icon-box-left text-left\"  >\n\t\t\t\t\t<div class=\"icon-box-img\" style=\"width: 40px\">\n\t\t\t\t<div class=\"icon\">\n\t\t\t\t\t<div class=\"icon-inner\" style=\"color:rgb(85, 85, 85);\">\n\t\t\t\t\t\t<?xml version=\"1.0\" encoding=\"iso-8859-1\"?>\r\n<!-- Generator: Adobe Illustrator 16.0.0, SVG Export Plug-In . SVG Version: 6.00 Build 0)  -->\r\n<!DOCTYPE svg PUBLIC \"-\/\/W3C\/\/DTD SVG 1.1\/\/EN\" \"http:\/\/www.w3.org\/Graphics\/SVG\/1.1\/DTD\/svg11.dtd\">\r\n<svg version=\"1.1\" id=\"Capa_1\" xmlns=\"http:\/\/www.w3.org\/2000\/svg\" xmlns:xlink=\"http:\/\/www.w3.org\/1999\/xlink\" x=\"0px\" y=\"0px\"\r\n\t width=\"97.713px\" height=\"97.713px\" viewBox=\"0 0 97.713 97.713\" style=\"enable-background:new 0 0 97.713 97.713;\"\r\n\t xml:space=\"preserve\">\r\n<g>\r\n\t<path d=\"M48.855,0C29.021,0,12.883,16.138,12.883,35.974c0,5.174,1.059,10.114,3.146,14.684\r\n\t\tc8.994,19.681,26.238,40.46,31.31,46.359c0.38,0.441,0.934,0.695,1.517,0.695s1.137-0.254,1.517-0.695\r\n\t\tc5.07-5.898,22.314-26.676,31.311-46.359c2.088-4.57,3.146-9.51,3.146-14.684C84.828,16.138,68.69,0,48.855,0z M48.855,54.659\r\n\t\tc-10.303,0-18.686-8.383-18.686-18.686c0-10.304,8.383-18.687,18.686-18.687s18.686,8.383,18.686,18.687\r\n\t\tC67.542,46.276,59.159,54.659,48.855,54.659z\"\/>\r\n<\/g>\r\n<g>\r\n<\/g>\r\n<g>\r\n<\/g>\r\n<g>\r\n<\/g>\r\n<g>\r\n<\/g>\r\n<g>\r\n<\/g>\r\n<g>\r\n<\/g>\r\n<g>\r\n<\/g>\r\n<g>\r\n<\/g>\r\n<g>\r\n<\/g>\r\n<g>\r\n<\/g>\r\n<g>\r\n<\/g>\r\n<g>\r\n<\/g>\r\n<g>\r\n<\/g>\r\n<g>\r\n<\/g>\r\n<g>\r\n<\/g>\r\n<\/svg>\r\n\t\t\t\t\t<\/div>\n\t\t\t\t<\/div>\n\t\t\t<\/div>\n\t\t\t\t<div class=\"icon-box-text last-reset\">\n\t\t\t\t\t\t\t\t\t\n\n<h4>Reserve y vis\u00edtenos<\/h4>\n<p>\u00bfQuieres visitar Euro Corals? Reserve su cita.<\/p>\n<div class=\"row row-small\"  id=\"row-1769483170\">\n\n\n\t<div id=\"col-1184601323\" class=\"col medium-6 small-12 large-6\"  >\n\t\t\t\t<div class=\"col-inner\"  >\n\t\t\t\n\t\t\t\n\n<h5>Nuestra Direcci\u00f3n<\/h5>\n<p>Euro Corals<br>\nPassauer str. 12<br>\n84359 Simbach am Inn<br>\nAlemania<\/p>\n\n\t\t<\/div>\n\t\t\t\t\t<\/div>\n\n\t\n\n\t<div id=\"col-1909500265\" class=\"col medium-6 small-12 large-6\"  >\n\t\t\t\t<div class=\"col-inner\"  >\n\t\t\t\n\t\t\t\n\n<h5>Horas de apertura para los visitantes<\/h5>\n<p><em>S\u00f3lo con cita previa!&nbsp;<\/em><br> Lunes \u2013 Jueves de 2 PM \u2013 6 PM <em>(CET)<\/em><br>Viernes de 9 PM \u2013 6 PM <em>(CET)<\/em><br> S\u00e1bado de 10 AM \u2013 4 PM <em>(CET)<\/em><br> Domingo de 10 AM &#8211; 2&nbsp;PM <em>(CET)<\/em><\/p>\n\n\t\t<\/div>\n\t\t\t\t\t<\/div>\n\n\t\n\n<\/div>\n<div class=\"row row-small\"  id=\"row-1984289287\">\n\n\n\t<div id=\"col-1170635538\" class=\"col medium-1 small-12 large-1\"  >\n\t\t\t\t<div class=\"col-inner\"  >\n\t\t\t\n\t\t\t\n\n\n\t\t<\/div>\n\t\t\t\t\t<\/div>\n\n\t\n\n\t<div id=\"col-1593860033\" class=\"col medium-10 small-12 large-10\"  >\n\t\t\t\t<div class=\"col-inner\"  >\n\t\t\t\n\t\t\t\n\n<a href=\"https:\/\/www.eurocorals.com\/es\/reserve-su-visita\/\" class=\"button primary is-outline expand\"  >\n\t<i class=\"icon-map-pin-fill\" aria-hidden=\"true\" ><\/i>\t<span>Haga clic aqu\u00ed para reservar su visita!<\/span>\n\t<\/a>\n\n\n\n\t\t<\/div>\n\t\t\t\t\t<\/div>\n\n\t\n\n\t<div id=\"col-214636327\" class=\"col medium-1 small-12 large-1\"  >\n\t\t\t\t<div class=\"col-inner\"  >\n\t\t\t\n\t\t\t\n\n\n\t\t<\/div>\n\t\t\t\t\t<\/div>\n\n\t\n\n<\/div>\n\n\t\t<\/div>\n\t<\/div>\n\t\n\t\n\n\t\t<\/div>\n\t\t\t\t\t<\/div>\n\n\t\n\n\t<div id=\"col-1523854271\" class=\"col medium-6 small-12 large-6\"  >\n\t\t\t\t<div class=\"col-inner\"  >\n\t\t\t\n\t\t\t\n\n<div class=\"container section-title-container\" ><h3 class=\"section-title section-title-normal\"><b><\/b><span class=\"section-title-main\" >Soporte WhatsApp<\/span><b><\/b><\/h3><\/div>\n\n<p>Podemos tomar su pedido o brindarle asistencia en cualquier cosa que pueda necesitar utilizando nuestro Soporte EC WhatsApp 24\/7. Agrega nuestro WhatsApp para chatear directamente con nosotros:<\/p>\n\n\t\t<div class=\"icon-box featured-box icon-box-left text-left\"  >\n\t\t\t\t\t<div class=\"icon-box-img\" style=\"width: 40px\">\n\t\t\t\t<div class=\"icon\">\n\t\t\t\t\t<div class=\"icon-inner\" style=\"color:rgb(85, 85, 85);\">\n\t\t\t\t\t\t<img loading=\"lazy\" decoding=\"async\" width=\"303\" height=\"310\" src=\"https:\/\/www.eurocorals.com\/wp-content\/uploads\/2024\/03\/whatsapp-logo-png-2261-303x310.png\" class=\"attachment-medium size-medium\" alt=\"\" srcset=\"https:\/\/www.eurocorals.com\/wp-content\/uploads\/2024\/03\/whatsapp-logo-png-2261-303x310.png 303w, https:\/\/www.eurocorals.com\/wp-content\/uploads\/2024\/03\/whatsapp-logo-png-2261-600x614.png 600w, https:\/\/www.eurocorals.com\/wp-content\/uploads\/2024\/03\/whatsapp-logo-png-2261-800x819.png 800w, https:\/\/www.eurocorals.com\/wp-content\/uploads\/2024\/03\/whatsapp-logo-png-2261-768x786.png 768w, https:\/\/www.eurocorals.com\/wp-content\/uploads\/2024\/03\/whatsapp-logo-png-2261.png 1000w\" sizes=\"auto, (max-width: 303px) 100vw, 303px\" \/>\t\t\t\t\t<\/div>\n\t\t\t\t<\/div>\n\t\t\t<\/div>\n\t\t\t\t<div class=\"icon-box-text last-reset\">\n\t\t\t\t\t\t\t\t\t\n\n<h4>+49 175 962 7777<\/h4>\n<p><em>El soporte de EC Chat solo est\u00e1 disponible en ingl\u00e9s y espa\u00f1ol.<\/em><\/p>\n\n\t\t<\/div>\n\t<\/div>\n\t\n\t\n\t<div id=\"gap-193690266\" class=\"gap-element clearfix\" style=\"display:block; height:auto;\">\n\t\t\n<style>\n#gap-193690266 {\n  padding-top: 30px;\n}\n<\/style>\n\t<\/div>\n\t\n\n<div class=\"container section-title-container\" ><h3 class=\"section-title section-title-normal\"><b><\/b><span class=\"section-title-main\" >ESCRIBENOS<\/span><b><\/b><\/h3><\/div>\n\n<p>Env\u00edanos una nota y nos pondremos en contacto contigo lo antes posible.<\/p>\n\n<div class=\"wpcf7 no-js\" id=\"wpcf7-f2132-o1\" lang=\"en-US\" dir=\"ltr\" data-wpcf7-id=\"2132\">\n<div class=\"screen-reader-response\"><p role=\"status\" aria-live=\"polite\" aria-atomic=\"true\"><\/p> <ul><\/ul><\/div>\n<form action=\"\/es\/wp-json\/wp\/v2\/pages\/81#wpcf7-f2132-o1\" method=\"post\" class=\"wpcf7-form init\" aria-label=\"Contact form\" novalidate=\"novalidate\" data-status=\"init\">\n<div style=\"display: none;\">\n<input type=\"hidden\" name=\"_wpcf7\" value=\"2132\" \/>\n<input type=\"hidden\" name=\"_wpcf7_version\" value=\"6.0.6\" \/>\n<input type=\"hidden\" name=\"_wpcf7_locale\" value=\"en_US\" \/>\n<input type=\"hidden\" name=\"_wpcf7_unit_tag\" value=\"wpcf7-f2132-o1\" \/>\n<input type=\"hidden\" name=\"_wpcf7_container_post\" value=\"0\" \/>\n<input type=\"hidden\" name=\"_wpcf7_posted_data_hash\" value=\"\" \/>\n<\/div>\n<div class=\"form-flat\">\n\t<p><span class=\"wpcf7-form-control-wrap\" data-name=\"your-name\"><input size=\"40\" maxlength=\"400\" class=\"wpcf7-form-control wpcf7-text wpcf7-validates-as-required eccontactform\" aria-required=\"true\" aria-invalid=\"false\" placeholder=\"Tu Nombre\" value=\"\" type=\"text\" name=\"your-name\" \/><\/span>\n\t<\/p>\n\t<p><span class=\"wpcf7-form-control-wrap\" data-name=\"your-email\"><input size=\"40\" maxlength=\"400\" class=\"wpcf7-form-control wpcf7-email wpcf7-validates-as-required wpcf7-text wpcf7-validates-as-email eccontactform\" aria-required=\"true\" aria-invalid=\"false\" placeholder=\"Tu Correo Electr\u00f3nico\" value=\"\" type=\"email\" name=\"your-email\" \/><\/span>\n\t<\/p>\n\t<p><span class=\"wpcf7-form-control-wrap\" data-name=\"your-subject\"><input size=\"40\" maxlength=\"400\" class=\"wpcf7-form-control wpcf7-text eccontactform\" aria-invalid=\"false\" placeholder=\"Asunto\" value=\"\" type=\"text\" name=\"your-subject\" \/><\/span>\n\t<\/p>\n\t<p><span class=\"wpcf7-form-control-wrap\" data-name=\"your-message\"><textarea cols=\"40\" rows=\"10\" maxlength=\"2000\" class=\"wpcf7-form-control wpcf7-textarea wpcf7-validates-as-required eccontactform\" aria-required=\"true\" aria-invalid=\"false\" placeholder=\"Tu Mensaje\" name=\"your-message\"><\/textarea><\/span>\n\t<\/p>\n\t<p><input type=\"hidden\" name=\"_wpcf7_captcha_challenge_captcha-118\" value=\"2908527890\" \/><img loading=\"lazy\" decoding=\"async\" class=\"wpcf7-form-control wpcf7-captchac wpcf7-captcha-captcha-118\" width=\"84\" height=\"28\" alt=\"captcha\" src=\"https:\/\/www.eurocorals.com\/wp-content\/uploads\/wpcf7_captcha\/2908527890.png\" \/><br \/>\n<span class=\"wpcf7-form-control-wrap\" data-name=\"captcha-118\"><input size=\"4\" maxlength=\"4\" class=\"wpcf7-form-control wpcf7-captchar\" autocomplete=\"off\" aria-invalid=\"false\" value=\"\" type=\"text\" name=\"captcha-118\" \/><\/span>\n\t<\/p>\n\t<p><input class=\"wpcf7-form-control wpcf7-submit has-spinner eccontactform\" type=\"submit\" value=\"Enviar\" \/>\n\t<\/p>\n<\/div><label id=\"apbct_label_id_1444\" class=\"apbct_special_field\"><input\n                    class=\"apbct_special_field apbct__email_id__wp_contact_form_7\"\n                    name=\"apbct_email_id__wp_contact_form_7\"\n                    type=\"text\" size=\"30\" maxlength=\"200\" autocomplete=\"off\"\n                    value=\"\"\n                \/><\/label><div class=\"wpcf7-response-output\" aria-hidden=\"true\"><\/div>\n<\/form>\n<\/div>\n\n\n\n\t\t<\/div>\n\t\t\t\t\t<\/div>\n\n\t\n\n<\/div>","protected":false},"excerpt":{"rendered":"","protected":false},"author":1,"featured_media":0,"parent":0,"menu_order":0,"comment_status":"closed","ping_status":"closed","template":"","meta":{"footnotes":""},"class_list":["post-81","page","type-page","status-publish","hentry"],"_links":{"self":[{"href":"https:\/\/www.eurocorals.com\/es\/wp-json\/wp\/v2\/pages\/81","targetHints":{"allow":["GET"]}}],"collection":[{"href":"https:\/\/www.eurocorals.com\/es\/wp-json\/wp\/v2\/pages"}],"about":[{"href":"https:\/\/www.eurocorals.com\/es\/wp-json\/wp\/v2\/types\/page"}],"author":[{"embeddable":true,"href":"https:\/\/www.eurocorals.com\/es\/wp-json\/wp\/v2\/users\/1"}],"replies":[{"embeddable":true,"href":"https:\/\/www.eurocorals.com\/es\/wp-json\/wp\/v2\/comments?post=81"}],"version-history":[{"count":5,"href":"https:\/\/www.eurocorals.com\/es\/wp-json\/wp\/v2\/pages\/81\/revisions"}],"predecessor-version":[{"id":322633,"href":"https:\/\/www.eurocorals.com\/es\/wp-json\/wp\/v2\/pages\/81\/revisions\/322633"}],"wp:attachment":[{"href":"https:\/\/www.eurocorals.com\/es\/wp-json\/wp\/v2\/media?parent=81"}],"curies":[{"name":"wp","href":"https:\/\/api.w.org\/{rel}","templated":true}]}}