{"id":311697,"date":"2023-10-08T16:00:37","date_gmt":"2023-10-08T14:00:37","guid":{"rendered":"https:\/\/www.eurocorals.com\/shop\/sin%20categorizar\/ec-akils-super-orange-tangerine-dream-acro\/"},"modified":"2024-01-15T12:41:17","modified_gmt":"2024-01-15T11:41:17","slug":"ec-akils-super-orange-tangerine-dream-acro","status":"publish","type":"product","link":"https:\/\/www.eurocorals.com\/es\/shop\/corales-signature-cut-to-order\/corales-sps-2\/acropora-2-es\/ec-akils-super-orange-tangerine-dream-acro\/","title":{"rendered":"EC Akil&#8217;s Super Orange Tangerine Dream Acro"},"content":{"rendered":"<div class=\"row\"  id=\"row-1734754112\">\r\n\r\n\n\t<div id=\"col-1167491919\" class=\"col small-12 large-12\"  >\n\t\t\t\t<div class=\"col-inner\"  >\n\t\t\t\n\t\t\t\r\n<div>\u00a1Servicio \"Cut-To-Order\" de Euro Corales! Este servicio le permite ver c\u00f3mo ser\u00e1n sus fragmentos de corales premium una vez que est\u00e9n completamente desarrollados. Lo que ves es una colonia de madre 100% cultivada que usaremos para cortar un fragmento para ti. Nuestras im\u00e1genes se toman bajo full espectro AB+ seg\u00fan los corales y los sistemas en que se encuentren.<\/div>\r\n<div><\/div>\r\n<div>En cuanto al tama\u00f1o, trataremos de cortar el fragmento alrededor de 3-4 cm. Tambi\u00e9n depender\u00e1 del crecimiento y la forma de la colonia madre. Recuerde, el servicio Cut-To-Order no se trata del tama\u00f1o del fragmento, sino de la adquisici\u00f3n de la especie. Puede pedir ver im\u00e1genes a trav\u00e9s de nuestro WhatsApp cuando hacemos el corte <em>(n\u00famero de WhatsApp de EC +49 175 962 7777).<\/em><\/div>\r\n<div><\/div>\r\n<div><strong>\u00a1Por favor, dale dos semanas a un nuevo fragmento para que se corte y se cure antes de enviarlo!<\/strong> As\u00ed que tenga esto en cuenta al elegir una fecha de entrega en el proceso de compra. Una vez que reciba su nuevo fragmento, dale tiempo para que se adapte a su acuario. Tu trabajo es hacer crecer tu nuevo coral! Al principio, la mayor\u00eda de los nuevos fragmentos palidecer\u00e1n un poco porque necesitan la energ\u00eda para construir la base. El coral mostrar\u00e1 todo su potencial una vez que construya una base completa. Para ayudarlo a obtener lo mejor de su fragmento, le recomendamos lo siguiente:<\/div>\r\n<div><\/div>\r\n<div><strong>Par\u00e1metros<\/strong><\/div>\r\n<div><strong>Cal:<\/strong> 420-440 ppm<\/div>\r\n<div><strong>Mg:<\/strong> 1380-1400<\/div>\r\n<div><strong>KH:<\/strong> 7.2-8.5 dKH<\/div>\r\n<div><strong>No3:<\/strong> 10-20 ppm<\/div>\r\n<div><strong>PO4:<\/strong> 0.02-0.06 ppm<\/div>\r\n<div><strong>PAR:<\/strong> 250-350<\/div>\r\n<div><\/div>\r\n<div>\r\n\r\nLa estabilidad de sus par\u00e1metros y un buen flujo aleatorio deben ser su primera preocupaci\u00f3n. Para mejor resultados, use Modern Reef: www.ModernReef.es\/tienda\/\r\n\r\n<\/div>\r\n<div>\u00a1Espero que disfrutes de tu nuevo fragmento de coral y Happy Reefing de todo el equipo de Euro Corals!<\/div>\r\n\t\t<\/div>\n\t\t\t\t\t<\/div>\n\n\t\r\n\r\n<\/div>\n","protected":false},"excerpt":{"rendered":"","protected":false},"featured_media":311622,"template":"","meta":[],"product_brand":[],"product_cat":[220],"product_tag":[],"class_list":{"0":"post-311697","1":"product","2":"type-product","3":"status-publish","4":"has-post-thumbnail","6":"product_cat-acropora-2-es","8":"first","9":"outofstock","10":"taxable","11":"shipping-taxable","12":"purchasable","13":"product-type-simple"},"_links":{"self":[{"href":"https:\/\/www.eurocorals.com\/es\/wp-json\/wp\/v2\/product\/311697","targetHints":{"allow":["GET"]}}],"collection":[{"href":"https:\/\/www.eurocorals.com\/es\/wp-json\/wp\/v2\/product"}],"about":[{"href":"https:\/\/www.eurocorals.com\/es\/wp-json\/wp\/v2\/types\/product"}],"wp:featuredmedia":[{"embeddable":true,"href":"https:\/\/www.eurocorals.com\/es\/wp-json\/wp\/v2\/media\/311622"}],"wp:attachment":[{"href":"https:\/\/www.eurocorals.com\/es\/wp-json\/wp\/v2\/media?parent=311697"}],"wp:term":[{"taxonomy":"product_brand","embeddable":true,"href":"https:\/\/www.eurocorals.com\/es\/wp-json\/wp\/v2\/product_brand?post=311697"},{"taxonomy":"product_cat","embeddable":true,"href":"https:\/\/www.eurocorals.com\/es\/wp-json\/wp\/v2\/product_cat?post=311697"},{"taxonomy":"product_tag","embeddable":true,"href":"https:\/\/www.eurocorals.com\/es\/wp-json\/wp\/v2\/product_tag?post=311697"}],"curies":[{"name":"wp","href":"https:\/\/api.w.org\/{rel}","templated":true}]}}